{"id":5251,"date":"2026-01-21T13:44:41","date_gmt":"2026-01-21T12:44:41","guid":{"rendered":"https:\/\/divainers.com\/?post_type=product&#038;p=5251"},"modified":"2026-04-30T15:54:50","modified_gmt":"2026-04-30T13:54:50","slug":"divain-1068","status":"publish","type":"product","link":"https:\/\/divainers.com\/sl\/producto\/divain-1068\/","title":{"rendered":"divain.1068"},"content":{"rendered":"<p>Odzvanja intenzivnom i samouvjerenom \u017eenskom energijom, s profinjenim i zavodljivim karakterom koji spaja eleganciju i senzualnost. To je sna\u017ean i ovisni\u010dki miris, savr\u0161en za one koji tra\u017ee topao, moderan miris s prisutno\u0161\u0107u koja ne prolazi nezapa\u017eeno.<\/p>\n","protected":false},"excerpt":{"rendered":"<p>Podsje\u0107a na Libre Intense od Yves Saint Laurent<\/p>\n","protected":false},"featured_media":15158,"comment_status":"open","ping_status":"closed","template":"","meta":[],"product_brand":[],"product_cat":[2244],"product_tag":[1426],"class_list":{"0":"post-5251","1":"product","2":"type-product","3":"status-publish","4":"has-post-thumbnail","6":"product_cat-yves-saint-laurent","7":"product_tag-kvinder","9":"first","10":"instock","11":"shipping-taxable","12":"product-type-simple"},"_links":{"self":[{"href":"https:\/\/divainers.com\/sl\/wp-json\/wp\/v2\/product\/5251","targetHints":{"allow":["GET"]}}],"collection":[{"href":"https:\/\/divainers.com\/sl\/wp-json\/wp\/v2\/product"}],"about":[{"href":"https:\/\/divainers.com\/sl\/wp-json\/wp\/v2\/types\/product"}],"replies":[{"embeddable":true,"href":"https:\/\/divainers.com\/sl\/wp-json\/wp\/v2\/comments?post=5251"}],"wp:featuredmedia":[{"embeddable":true,"href":"https:\/\/divainers.com\/sl\/wp-json\/wp\/v2\/media\/15158"}],"wp:attachment":[{"href":"https:\/\/divainers.com\/sl\/wp-json\/wp\/v2\/media?parent=5251"}],"wp:term":[{"taxonomy":"product_brand","embeddable":true,"href":"https:\/\/divainers.com\/sl\/wp-json\/wp\/v2\/product_brand?post=5251"},{"taxonomy":"product_cat","embeddable":true,"href":"https:\/\/divainers.com\/sl\/wp-json\/wp\/v2\/product_cat?post=5251"},{"taxonomy":"product_tag","embeddable":true,"href":"https:\/\/divainers.com\/sl\/wp-json\/wp\/v2\/product_tag?post=5251"}],"curies":[{"name":"wp","href":"https:\/\/api.w.org\/{rel}","templated":true}]}}