{"id":638,"date":"2025-01-31T08:32:27","date_gmt":"2025-01-31T07:32:27","guid":{"rendered":"https:\/\/divainers.com\/producto\/divain-261\/"},"modified":"2026-03-16T16:07:38","modified_gmt":"2026-03-16T15:07:38","slug":"divain-261","status":"publish","type":"product","link":"https:\/\/divainers.com\/sl\/producto\/divain-261\/","title":{"rendered":"divain.261"},"content":{"rendered":"<p>Una fragancia cautivadora que se despliega con una apertura vibrante y fresca gracias a las notas de mandarina y azafr\u00e1n, creando una sensaci\u00f3n de energ\u00eda y luminosidad. En el coraz\u00f3n, se entrelazan suavemente especias c\u00e1lidas como el clavo de olor y la nuez moscada con un toque floral de lirio, que a\u00f1aden complejidad y profundidad a su car\u00e1cter. La base, sensual y envolvente, presenta una rica mezcla de madera de \u00e1mbar, almizcle y s\u00e1ndalo, que deja una huella profunda y sofisticada. Esta fragancia es ideal para el hombre elegante y seguro de s\u00ed mismo, que desea destacar con una presencia distintiva y moderna.<\/p>\n","protected":false},"excerpt":{"rendered":"<p>Recuerda a Mania de Giorgio Armani<\/p>\n","protected":false},"featured_media":3728,"comment_status":"open","ping_status":"closed","template":"","meta":[],"product_brand":[],"product_cat":[381],"product_tag":[1341],"class_list":{"0":"post-638","1":"product","2":"type-product","3":"status-publish","4":"has-post-thumbnail","6":"product_cat-giorgio-armani","7":"product_tag-muzi","9":"first","10":"instock","11":"shipping-taxable","12":"product-type-simple"},"_links":{"self":[{"href":"https:\/\/divainers.com\/sl\/wp-json\/wp\/v2\/product\/638","targetHints":{"allow":["GET"]}}],"collection":[{"href":"https:\/\/divainers.com\/sl\/wp-json\/wp\/v2\/product"}],"about":[{"href":"https:\/\/divainers.com\/sl\/wp-json\/wp\/v2\/types\/product"}],"replies":[{"embeddable":true,"href":"https:\/\/divainers.com\/sl\/wp-json\/wp\/v2\/comments?post=638"}],"wp:featuredmedia":[{"embeddable":true,"href":"https:\/\/divainers.com\/sl\/wp-json\/wp\/v2\/media\/3728"}],"wp:attachment":[{"href":"https:\/\/divainers.com\/sl\/wp-json\/wp\/v2\/media?parent=638"}],"wp:term":[{"taxonomy":"product_brand","embeddable":true,"href":"https:\/\/divainers.com\/sl\/wp-json\/wp\/v2\/product_brand?post=638"},{"taxonomy":"product_cat","embeddable":true,"href":"https:\/\/divainers.com\/sl\/wp-json\/wp\/v2\/product_cat?post=638"},{"taxonomy":"product_tag","embeddable":true,"href":"https:\/\/divainers.com\/sl\/wp-json\/wp\/v2\/product_tag?post=638"}],"curies":[{"name":"wp","href":"https:\/\/api.w.org\/{rel}","templated":true}]}}