{"id":668,"date":"2025-01-31T08:32:31","date_gmt":"2025-01-31T07:32:31","guid":{"rendered":"https:\/\/divainers.com\/producto\/divain-019\/"},"modified":"2026-03-16T16:07:40","modified_gmt":"2026-03-16T15:07:40","slug":"divain-019","status":"publish","type":"product","link":"https:\/\/divainers.com\/sl\/producto\/divain-019\/","title":{"rendered":"divain.019"},"content":{"rendered":"<div class=\"flex max-w-full flex-col flex-grow\">\n<div class=\"min-h-8 text-message relative flex w-full flex-col items-end gap-2 whitespace-normal break-words text-start [.text-message+&amp;]:mt-5\" dir=\"auto\" data-message-author-role=\"assistant\" data-message-id=\"ce903a9a-3a84-4727-8896-d9e07bfc25e5\" data-message-model-slug=\"gpt-4o\">\n<div class=\"flex w-full flex-col gap-1 empty:hidden first:pt-[3px]\">\n<div class=\"markdown prose w-full break-words dark:prose-invert light\">\n<p data-start=\"0\" data-end=\"413\" data-is-last-node=\"\" data-is-only-node=\"\">Un aroma provocador y sofisticado que fusiona frescura y seducci\u00f3n con un toque de rebeld\u00eda. La salida vibrante de lim\u00f3n y lavanda aporta una sensaci\u00f3n luminosa y cautivadora, mientras un coraz\u00f3n de flor de azahar y especias envuelve con su magnetismo irresistible. En el fondo, el cedro, el pachul\u00ed y el \u00e1mbar crean una estela c\u00e1lida y envolvente, perfecta para el hombre audaz, carism\u00e1tico y seguro de s\u00ed mismo.<\/p>\n<\/div>\n<\/div>\n<\/div>\n<\/div>\n","protected":false},"excerpt":{"rendered":"<p>Recuerda a Guilty de Gucci<\/p>\n","protected":false},"featured_media":3349,"comment_status":"open","ping_status":"closed","template":"","meta":[],"product_brand":[],"product_cat":[426],"product_tag":[1343],"class_list":{"0":"post-668","1":"product","2":"type-product","3":"status-publish","4":"has-post-thumbnail","6":"product_cat-gucci","7":"product_tag-hommes","9":"first","10":"instock","11":"shipping-taxable","12":"product-type-simple"},"_links":{"self":[{"href":"https:\/\/divainers.com\/sl\/wp-json\/wp\/v2\/product\/668","targetHints":{"allow":["GET"]}}],"collection":[{"href":"https:\/\/divainers.com\/sl\/wp-json\/wp\/v2\/product"}],"about":[{"href":"https:\/\/divainers.com\/sl\/wp-json\/wp\/v2\/types\/product"}],"replies":[{"embeddable":true,"href":"https:\/\/divainers.com\/sl\/wp-json\/wp\/v2\/comments?post=668"}],"wp:featuredmedia":[{"embeddable":true,"href":"https:\/\/divainers.com\/sl\/wp-json\/wp\/v2\/media\/3349"}],"wp:attachment":[{"href":"https:\/\/divainers.com\/sl\/wp-json\/wp\/v2\/media?parent=668"}],"wp:term":[{"taxonomy":"product_brand","embeddable":true,"href":"https:\/\/divainers.com\/sl\/wp-json\/wp\/v2\/product_brand?post=668"},{"taxonomy":"product_cat","embeddable":true,"href":"https:\/\/divainers.com\/sl\/wp-json\/wp\/v2\/product_cat?post=668"},{"taxonomy":"product_tag","embeddable":true,"href":"https:\/\/divainers.com\/sl\/wp-json\/wp\/v2\/product_tag?post=668"}],"curies":[{"name":"wp","href":"https:\/\/api.w.org\/{rel}","templated":true}]}}