{"id":6943,"date":"2026-03-17T15:43:45","date_gmt":"2026-03-17T14:43:45","guid":{"rendered":"https:\/\/divainers.com\/producto\/divain-1093\/"},"modified":"2026-04-30T09:42:41","modified_gmt":"2026-04-30T07:42:41","slug":"divain-1093","status":"publish","type":"product","link":"https:\/\/divainers.com\/sl\/producto\/divain-1093\/","title":{"rendered":"divain.1093"},"content":{"rendered":"<p>Vzbudi intenzivno in sijo\u010do \u017eenstvenost, z o\u010darljivim in zapeljivim zna\u010dajem, ki izra\u017ea mo\u010d in eleganco. Je sofisticirana in zasvojljiva di\u0161ava, popolna za tiste, ki i\u0161\u010dejo izrazito, senzualno in prisotno aromo.<\/p>\n","protected":false},"excerpt":{"rendered":"<p>Spominja na Gaultier Divine Elixir de Jean Paul Gaultier<\/p>\n","protected":false},"featured_media":6854,"comment_status":"open","ping_status":"closed","template":"","meta":[],"product_brand":[],"product_cat":[1295],"product_tag":[1432],"class_list":{"0":"post-6943","1":"product","2":"type-product","3":"status-publish","4":"has-post-thumbnail","6":"product_cat-jean-paul-gaultier","7":"product_tag-naised","9":"first","10":"instock","11":"shipping-taxable","12":"product-type-simple"},"_links":{"self":[{"href":"https:\/\/divainers.com\/sl\/wp-json\/wp\/v2\/product\/6943","targetHints":{"allow":["GET"]}}],"collection":[{"href":"https:\/\/divainers.com\/sl\/wp-json\/wp\/v2\/product"}],"about":[{"href":"https:\/\/divainers.com\/sl\/wp-json\/wp\/v2\/types\/product"}],"replies":[{"embeddable":true,"href":"https:\/\/divainers.com\/sl\/wp-json\/wp\/v2\/comments?post=6943"}],"wp:featuredmedia":[{"embeddable":true,"href":"https:\/\/divainers.com\/sl\/wp-json\/wp\/v2\/media\/6854"}],"wp:attachment":[{"href":"https:\/\/divainers.com\/sl\/wp-json\/wp\/v2\/media?parent=6943"}],"wp:term":[{"taxonomy":"product_brand","embeddable":true,"href":"https:\/\/divainers.com\/sl\/wp-json\/wp\/v2\/product_brand?post=6943"},{"taxonomy":"product_cat","embeddable":true,"href":"https:\/\/divainers.com\/sl\/wp-json\/wp\/v2\/product_cat?post=6943"},{"taxonomy":"product_tag","embeddable":true,"href":"https:\/\/divainers.com\/sl\/wp-json\/wp\/v2\/product_tag?post=6943"}],"curies":[{"name":"wp","href":"https:\/\/api.w.org\/{rel}","templated":true}]}}