{"id":6996,"date":"2025-01-31T08:31:48","date_gmt":"2025-01-31T07:31:48","guid":{"rendered":"https:\/\/divainers.com\/producto\/divain-205\/"},"modified":"2026-03-26T14:15:50","modified_gmt":"2026-03-26T13:15:50","slug":"divain-205","status":"publish","type":"product","link":"https:\/\/divainers.com\/sl\/producto\/divain-205\/","title":{"rendered":"divain.205"},"content":{"rendered":"<p><span data-sheets-root=\"1\">\u017divahen in magneten vonj, ki iz\u017eareva samozavest in mladost v vsakem tonu. Njegov sve\u017e in spodbuden uvod zdru\u017euje limono, pomaran\u010do in kardamom ter ustvarja citrusno eksplozijo, polno energije. V srcu sivka in ro\u017emarin prina\u0161ata \u010dist in mo\u0161ki aromati\u010dni pridih, medtem ko lesna osnova mo\u0161usa, vetiverja in hrastovega mahu dodajata globino in \u010dutnost. Popolno za tiste, ki i\u0161\u010dejo sve\u017e, drzen in zapeljiv vonj, idealen za vsakodnevno uporabo ali za pu\u0161\u010danje nepozabnega vtisa.   <\/span><\/p>\n","protected":false},"excerpt":{"rendered":"<p>Spomnite se Fierce iz Abercrombie &amp; Fitch<\/p>\n","protected":false},"featured_media":3374,"comment_status":"open","ping_status":"closed","template":"","meta":[],"product_brand":[],"product_cat":[1330],"product_tag":[1348],"class_list":{"0":"post-6996","1":"product","2":"type-product","3":"status-publish","4":"has-post-thumbnail","6":"product_cat-abercrombie-fitch","7":"product_tag-uomo","9":"first","10":"instock","11":"shipping-taxable","12":"product-type-simple"},"_links":{"self":[{"href":"https:\/\/divainers.com\/sl\/wp-json\/wp\/v2\/product\/6996","targetHints":{"allow":["GET"]}}],"collection":[{"href":"https:\/\/divainers.com\/sl\/wp-json\/wp\/v2\/product"}],"about":[{"href":"https:\/\/divainers.com\/sl\/wp-json\/wp\/v2\/types\/product"}],"replies":[{"embeddable":true,"href":"https:\/\/divainers.com\/sl\/wp-json\/wp\/v2\/comments?post=6996"}],"wp:featuredmedia":[{"embeddable":true,"href":"https:\/\/divainers.com\/sl\/wp-json\/wp\/v2\/media\/3374"}],"wp:attachment":[{"href":"https:\/\/divainers.com\/sl\/wp-json\/wp\/v2\/media?parent=6996"}],"wp:term":[{"taxonomy":"product_brand","embeddable":true,"href":"https:\/\/divainers.com\/sl\/wp-json\/wp\/v2\/product_brand?post=6996"},{"taxonomy":"product_cat","embeddable":true,"href":"https:\/\/divainers.com\/sl\/wp-json\/wp\/v2\/product_cat?post=6996"},{"taxonomy":"product_tag","embeddable":true,"href":"https:\/\/divainers.com\/sl\/wp-json\/wp\/v2\/product_tag?post=6996"}],"curies":[{"name":"wp","href":"https:\/\/api.w.org\/{rel}","templated":true}]}}