{"id":7033,"date":"2025-01-31T08:31:48","date_gmt":"2025-01-31T07:31:48","guid":{"rendered":"https:\/\/divainers.com\/producto\/divain-320\/"},"modified":"2026-04-30T09:43:04","modified_gmt":"2026-04-30T07:43:04","slug":"divain-320","status":"publish","type":"product","link":"https:\/\/divainers.com\/sl\/producto\/divain-320\/","title":{"rendered":"divain.320"},"content":{"rendered":"<p>\u017divahna in mo\u0161ka di\u0161ava s sve\u017eim in sadnim za\u010detkom zahvaljujo\u010d bergamotu in zelenemu jabolku, kombinirana s pikantnim pridihom kardamoma. V srcu aromati\u010dne note sivke in ro\u017emarina prina\u0161ajo \u010dist in moden zna\u010daj, medtem ko baza postane toplej\u0161a in objemajo\u010da z jantarjem, tonka fi\u017eolom in globokimi lesnimi toni, kar ustvarja uravnote\u017een vonj med sve\u017eino in senzualnostjo, idealen za vsakdanjo uporabo.<\/p>\n","protected":false},"excerpt":{"rendered":"<p>Spominja na First Instinct Blue znamke Abercrombie &#038; Fitch<\/p>\n","protected":false},"featured_media":7036,"comment_status":"open","ping_status":"closed","template":"","meta":[],"product_brand":[],"product_cat":[24],"product_tag":[25],"class_list":{"0":"post-7033","1":"product","2":"type-product","3":"status-publish","4":"has-post-thumbnail","6":"product_cat-abercrombie-fitch","7":"product_tag-hombre","9":"first","10":"instock","11":"shipping-taxable","12":"product-type-simple"},"_links":{"self":[{"href":"https:\/\/divainers.com\/sl\/wp-json\/wp\/v2\/product\/7033","targetHints":{"allow":["GET"]}}],"collection":[{"href":"https:\/\/divainers.com\/sl\/wp-json\/wp\/v2\/product"}],"about":[{"href":"https:\/\/divainers.com\/sl\/wp-json\/wp\/v2\/types\/product"}],"replies":[{"embeddable":true,"href":"https:\/\/divainers.com\/sl\/wp-json\/wp\/v2\/comments?post=7033"}],"wp:featuredmedia":[{"embeddable":true,"href":"https:\/\/divainers.com\/sl\/wp-json\/wp\/v2\/media\/7036"}],"wp:attachment":[{"href":"https:\/\/divainers.com\/sl\/wp-json\/wp\/v2\/media?parent=7033"}],"wp:term":[{"taxonomy":"product_brand","embeddable":true,"href":"https:\/\/divainers.com\/sl\/wp-json\/wp\/v2\/product_brand?post=7033"},{"taxonomy":"product_cat","embeddable":true,"href":"https:\/\/divainers.com\/sl\/wp-json\/wp\/v2\/product_cat?post=7033"},{"taxonomy":"product_tag","embeddable":true,"href":"https:\/\/divainers.com\/sl\/wp-json\/wp\/v2\/product_tag?post=7033"}],"curies":[{"name":"wp","href":"https:\/\/api.w.org\/{rel}","templated":true}]}}