{"id":7049,"date":"2025-01-31T08:31:48","date_gmt":"2025-01-31T07:31:48","guid":{"rendered":"https:\/\/divainers.com\/producto\/divain-276\/"},"modified":"2026-04-30T09:43:08","modified_gmt":"2026-04-30T07:43:08","slug":"divain-276","status":"publish","type":"product","link":"https:\/\/divainers.com\/sl\/producto\/divain-276\/","title":{"rendered":"divain.276"},"content":{"rendered":"<p>Je klasi\u010dna in prefinjena di\u0161ava, ki izstopa po svoji sve\u017eini in brez\u010dasni eleganci. Z citrusno in sve\u017eo bazo vklju\u010duje zgornje note limone, pomaran\u010de in bergamotke, ki prina\u0161ajo po\u017eivljajo\u010d ob\u010dutek. V srcu so cvetli\u010dni vonji, kot so sivka, jasmin in vrtnica, ki di\u0161avi dodajo pridih prefinjenosti. Lesna baza z notami vetiverja, sandalovine in pa\u010dulija daje globino in obstojnost. Idealna je za mo\u0161kega, ki ceni sve\u017ee di\u0161ave z subtilno kompleksnostjo, ki traja ves dan.<\/p>\n","protected":false},"excerpt":{"rendered":"<p>Spominja na Acqua Di Parma od Acqua di Parma<\/p>\n","protected":false},"featured_media":7051,"comment_status":"open","ping_status":"closed","template":"","meta":[],"product_brand":[],"product_cat":[1376],"product_tag":[1377],"class_list":{"0":"post-7049","1":"product","2":"type-product","3":"status-publish","4":"has-post-thumbnail","6":"product_cat-acqua-di-parma","7":"product_tag-uniseks","9":"first","10":"instock","11":"shipping-taxable","12":"product-type-simple"},"_links":{"self":[{"href":"https:\/\/divainers.com\/sl\/wp-json\/wp\/v2\/product\/7049","targetHints":{"allow":["GET"]}}],"collection":[{"href":"https:\/\/divainers.com\/sl\/wp-json\/wp\/v2\/product"}],"about":[{"href":"https:\/\/divainers.com\/sl\/wp-json\/wp\/v2\/types\/product"}],"replies":[{"embeddable":true,"href":"https:\/\/divainers.com\/sl\/wp-json\/wp\/v2\/comments?post=7049"}],"wp:featuredmedia":[{"embeddable":true,"href":"https:\/\/divainers.com\/sl\/wp-json\/wp\/v2\/media\/7051"}],"wp:attachment":[{"href":"https:\/\/divainers.com\/sl\/wp-json\/wp\/v2\/media?parent=7049"}],"wp:term":[{"taxonomy":"product_brand","embeddable":true,"href":"https:\/\/divainers.com\/sl\/wp-json\/wp\/v2\/product_brand?post=7049"},{"taxonomy":"product_cat","embeddable":true,"href":"https:\/\/divainers.com\/sl\/wp-json\/wp\/v2\/product_cat?post=7049"},{"taxonomy":"product_tag","embeddable":true,"href":"https:\/\/divainers.com\/sl\/wp-json\/wp\/v2\/product_tag?post=7049"}],"curies":[{"name":"wp","href":"https:\/\/api.w.org\/{rel}","templated":true}]}}