{"id":7071,"date":"2025-01-31T08:31:49","date_gmt":"2025-01-31T07:31:49","guid":{"rendered":"https:\/\/divainers.com\/producto\/divain-770\/"},"modified":"2026-04-30T09:43:16","modified_gmt":"2026-04-30T07:43:16","slug":"divain-770","status":"publish","type":"product","link":"https:\/\/divainers.com\/sl\/producto\/divain-770\/","title":{"rendered":"divain.770"},"content":{"rendered":"<p>Ta uniseks di\u0161ava se odpira s kombinacijo citrusnih in za\u010dinjenih not, kjer bergamotka iz Kalabrije in rumena mandarina prina\u0161ata sve\u017eino, medtem ko ro\u017enati poper doda subtilen in zanimiv pridih. V srcu se prepletata cvet \u010de\u0161nje in jasmin sambac, ki priklicujeta mirnost in lepoto japonskih cveto\u010dih vrtov. Mo\u0161usna baza ponuja toplo in senzualno mehkobo, ki podalj\u0161uje di\u0161avno izku\u0161njo na ko\u017ei. Ta di\u0161ava ujame bistvo japonske pomladi in ob vsakem nanosu prina\u0161a ob\u010dutek sve\u017eine in elegance.<\/p>\n","protected":false},"excerpt":{"rendered":"<p>Spominja na Sakura EDP znamke Acqua di Parma<\/p>\n","protected":false},"featured_media":7072,"comment_status":"open","ping_status":"closed","template":"","meta":[],"product_brand":[],"product_cat":[28],"product_tag":[1377],"class_list":{"0":"post-7071","1":"product","2":"type-product","3":"status-publish","4":"has-post-thumbnail","6":"product_cat-acqua-di-parma","7":"product_tag-uniseks","9":"first","10":"instock","11":"shipping-taxable","12":"product-type-simple"},"_links":{"self":[{"href":"https:\/\/divainers.com\/sl\/wp-json\/wp\/v2\/product\/7071","targetHints":{"allow":["GET"]}}],"collection":[{"href":"https:\/\/divainers.com\/sl\/wp-json\/wp\/v2\/product"}],"about":[{"href":"https:\/\/divainers.com\/sl\/wp-json\/wp\/v2\/types\/product"}],"replies":[{"embeddable":true,"href":"https:\/\/divainers.com\/sl\/wp-json\/wp\/v2\/comments?post=7071"}],"wp:featuredmedia":[{"embeddable":true,"href":"https:\/\/divainers.com\/sl\/wp-json\/wp\/v2\/media\/7072"}],"wp:attachment":[{"href":"https:\/\/divainers.com\/sl\/wp-json\/wp\/v2\/media?parent=7071"}],"wp:term":[{"taxonomy":"product_brand","embeddable":true,"href":"https:\/\/divainers.com\/sl\/wp-json\/wp\/v2\/product_brand?post=7071"},{"taxonomy":"product_cat","embeddable":true,"href":"https:\/\/divainers.com\/sl\/wp-json\/wp\/v2\/product_cat?post=7071"},{"taxonomy":"product_tag","embeddable":true,"href":"https:\/\/divainers.com\/sl\/wp-json\/wp\/v2\/product_tag?post=7071"}],"curies":[{"name":"wp","href":"https:\/\/api.w.org\/{rel}","templated":true}]}}