{"id":7142,"date":"2025-01-31T08:31:49","date_gmt":"2025-01-31T07:31:49","guid":{"rendered":"https:\/\/divainers.com\/producto\/divain-443\/"},"modified":"2026-04-30T09:43:37","modified_gmt":"2026-04-30T07:43:37","slug":"divain-443","status":"publish","type":"product","link":"https:\/\/divainers.com\/sl\/producto\/divain-443\/","title":{"rendered":"divain.443"},"content":{"rendered":"<p>Sve\u017e in svetel vonj, ki vas popelje v sredozemski vetri\u010d, kjer sonce bo\u017ea ko\u017eo, morje pa \u0161epeta na obzorju. \u017de od prvega trenutka vitalnost mirte in iskrenje italijanskih citrusov prebujata \u010dute z \u017eare\u010do energijo. V srcu brin in cvetli\u010dne note dodajo aromati\u010den in prefinjen pridih, ki prikli\u010de naravo v njeni polnosti. Na koncu jantarno-mu\u0161katna baza pusti mehko, objemajo\u010do in elegantno sled. Po\u017eivljajo\u010d in sofisticiran parfum, idealen za tiste, ki i\u0161\u010dejo sve\u017eino, spokojnost in pridih sredozemskega bega.<\/p>\n","protected":false},"excerpt":{"rendered":"<p>Spominja na Blue Mediterraneo Mirto di Panarea znamke Acqua Di Parma<\/p>\n","protected":false},"featured_media":7143,"comment_status":"open","ping_status":"closed","template":"","meta":[],"product_brand":[],"product_cat":[1385],"product_tag":[1377],"class_list":{"0":"post-7142","1":"product","2":"type-product","3":"status-publish","4":"has-post-thumbnail","6":"product_cat-acqua-di-parma","7":"product_tag-uniseks","9":"first","10":"instock","11":"shipping-taxable","12":"product-type-simple"},"_links":{"self":[{"href":"https:\/\/divainers.com\/sl\/wp-json\/wp\/v2\/product\/7142","targetHints":{"allow":["GET"]}}],"collection":[{"href":"https:\/\/divainers.com\/sl\/wp-json\/wp\/v2\/product"}],"about":[{"href":"https:\/\/divainers.com\/sl\/wp-json\/wp\/v2\/types\/product"}],"replies":[{"embeddable":true,"href":"https:\/\/divainers.com\/sl\/wp-json\/wp\/v2\/comments?post=7142"}],"wp:featuredmedia":[{"embeddable":true,"href":"https:\/\/divainers.com\/sl\/wp-json\/wp\/v2\/media\/7143"}],"wp:attachment":[{"href":"https:\/\/divainers.com\/sl\/wp-json\/wp\/v2\/media?parent=7142"}],"wp:term":[{"taxonomy":"product_brand","embeddable":true,"href":"https:\/\/divainers.com\/sl\/wp-json\/wp\/v2\/product_brand?post=7142"},{"taxonomy":"product_cat","embeddable":true,"href":"https:\/\/divainers.com\/sl\/wp-json\/wp\/v2\/product_cat?post=7142"},{"taxonomy":"product_tag","embeddable":true,"href":"https:\/\/divainers.com\/sl\/wp-json\/wp\/v2\/product_tag?post=7142"}],"curies":[{"name":"wp","href":"https:\/\/api.w.org\/{rel}","templated":true}]}}