{"id":7199,"date":"2025-01-31T08:31:49","date_gmt":"2025-01-31T07:31:49","guid":{"rendered":"https:\/\/divainers.com\/producto\/divain-281\/"},"modified":"2026-04-30T09:43:56","modified_gmt":"2026-04-30T07:43:56","slug":"divain-281","status":"publish","type":"product","link":"https:\/\/divainers.com\/sl\/producto\/divain-281\/","title":{"rendered":"divain.281"},"content":{"rendered":"<p>Gre za globoko in sofisticirano di\u0161avo, ki izstopa po intenzivni prisotnosti ouda, dragocene smole, znane po svojem toplem, zemeljskem in lesnem vonju. Di\u0161ava se odpre s sve\u017eimi in za\u010dinjenimi notami, dopolnjenimi z mo\u010dnim zna\u010dajem ouda, ki se v srcu prepleta z dotikom vrtnice in cveta \u017eafrana. V osnovi so note usnja, cedre in mo\u0161usa, ki ji dajejo topel in objemajo\u010d temelj. To je parfum, ki vzbuja razko\u0161je, eleganco in ekskluzivnost, idealen za posebne prilo\u017enosti in za tiste, ki i\u0161\u010dejo izrazito in dolgo obstojno di\u0161avo.<\/p>\n","protected":false},"excerpt":{"rendered":"<p>Spominja na Oud znamke Acqua di Parma<\/p>\n","protected":false},"featured_media":7200,"comment_status":"open","ping_status":"closed","template":"","meta":[],"product_brand":[],"product_cat":[1376],"product_tag":[1367],"class_list":{"0":"post-7199","1":"product","2":"type-product","3":"status-publish","4":"has-post-thumbnail","6":"product_cat-acqua-di-parma","7":"product_tag-moski","9":"first","10":"instock","11":"shipping-taxable","12":"product-type-simple"},"_links":{"self":[{"href":"https:\/\/divainers.com\/sl\/wp-json\/wp\/v2\/product\/7199","targetHints":{"allow":["GET"]}}],"collection":[{"href":"https:\/\/divainers.com\/sl\/wp-json\/wp\/v2\/product"}],"about":[{"href":"https:\/\/divainers.com\/sl\/wp-json\/wp\/v2\/types\/product"}],"replies":[{"embeddable":true,"href":"https:\/\/divainers.com\/sl\/wp-json\/wp\/v2\/comments?post=7199"}],"wp:featuredmedia":[{"embeddable":true,"href":"https:\/\/divainers.com\/sl\/wp-json\/wp\/v2\/media\/7200"}],"wp:attachment":[{"href":"https:\/\/divainers.com\/sl\/wp-json\/wp\/v2\/media?parent=7199"}],"wp:term":[{"taxonomy":"product_brand","embeddable":true,"href":"https:\/\/divainers.com\/sl\/wp-json\/wp\/v2\/product_brand?post=7199"},{"taxonomy":"product_cat","embeddable":true,"href":"https:\/\/divainers.com\/sl\/wp-json\/wp\/v2\/product_cat?post=7199"},{"taxonomy":"product_tag","embeddable":true,"href":"https:\/\/divainers.com\/sl\/wp-json\/wp\/v2\/product_tag?post=7199"}],"curies":[{"name":"wp","href":"https:\/\/api.w.org\/{rel}","templated":true}]}}