{"id":7341,"date":"2025-01-31T08:31:50","date_gmt":"2025-01-31T07:31:50","guid":{"rendered":"https:\/\/divainers.com\/producto\/divain-086\/"},"modified":"2026-04-30T09:44:44","modified_gmt":"2026-04-30T07:44:44","slug":"divain-086","status":"publish","type":"product","link":"https:\/\/divainers.com\/sl\/producto\/divain-086\/","title":{"rendered":"divain.086"},"content":{"rendered":"<p>Ne\u017een in brez\u010dasen vonj, ki ujame sve\u017eino in naravno eleganco vrtnic v njihovi naj\u010distej\u0161i obliki. Njegov svetel za\u010detek s citrusi in zelenimi listi prina\u0161a osve\u017eujo\u010d in lahek ob\u010dutek. V srcu bulgarska vrtnica in zvon\u010dek ovijeta di\u0161avo v \u010disto in prefinjeno \u017eenstvenost. V osnovi mo\u0161us in sandalovina ustvarjata mehko in objemajo\u010do sled, popolno za romanti\u010dno, mirno \u017eensko z naravnim \u0161armom, ki pu\u0161\u010da vtis.<\/p>\n","protected":false},"excerpt":{"rendered":"<p>Spominja na Agua fresca de rosas de Adolfo Dominguez<\/p>\n","protected":false},"featured_media":7344,"comment_status":"open","ping_status":"closed","template":"","meta":[],"product_brand":[],"product_cat":[1423],"product_tag":[1424],"class_list":{"0":"post-7341","1":"product","2":"type-product","3":"status-publish","4":"has-post-thumbnail","6":"product_cat-adolfo-dominguez","7":"product_tag-femmes","9":"first","10":"instock","11":"shipping-taxable","12":"product-type-simple"},"_links":{"self":[{"href":"https:\/\/divainers.com\/sl\/wp-json\/wp\/v2\/product\/7341","targetHints":{"allow":["GET"]}}],"collection":[{"href":"https:\/\/divainers.com\/sl\/wp-json\/wp\/v2\/product"}],"about":[{"href":"https:\/\/divainers.com\/sl\/wp-json\/wp\/v2\/types\/product"}],"replies":[{"embeddable":true,"href":"https:\/\/divainers.com\/sl\/wp-json\/wp\/v2\/comments?post=7341"}],"wp:featuredmedia":[{"embeddable":true,"href":"https:\/\/divainers.com\/sl\/wp-json\/wp\/v2\/media\/7344"}],"wp:attachment":[{"href":"https:\/\/divainers.com\/sl\/wp-json\/wp\/v2\/media?parent=7341"}],"wp:term":[{"taxonomy":"product_brand","embeddable":true,"href":"https:\/\/divainers.com\/sl\/wp-json\/wp\/v2\/product_brand?post=7341"},{"taxonomy":"product_cat","embeddable":true,"href":"https:\/\/divainers.com\/sl\/wp-json\/wp\/v2\/product_cat?post=7341"},{"taxonomy":"product_tag","embeddable":true,"href":"https:\/\/divainers.com\/sl\/wp-json\/wp\/v2\/product_tag?post=7341"}],"curies":[{"name":"wp","href":"https:\/\/api.w.org\/{rel}","templated":true}]}}