{"id":7365,"date":"2025-01-31T08:31:50","date_gmt":"2025-01-31T07:31:50","guid":{"rendered":"https:\/\/divainers.com\/producto\/divain-049\/"},"modified":"2026-04-30T09:44:52","modified_gmt":"2026-04-30T07:44:52","slug":"divain-049","status":"publish","type":"product","link":"https:\/\/divainers.com\/sl\/producto\/divain-049\/","title":{"rendered":"divain.049"},"content":{"rendered":"<p>Sve\u017e in naraven vonj, ki prikli\u010de mirnost in ravnovesje narave. Njegov \u017eivahen za\u010detek s citrusi in zelenimi notami prina\u0161a lahkoten in po\u017eivljajo\u010d ob\u010dutek, medtem ko aromati\u010dno srce iz bambusa in ne\u017enih za\u010dimb doda eksoti\u010den in prefinjen pridih. V osnovi cedra, jantar in mo\u0161us ustvarjajo topel in objemajo\u010d sled, popoln za mo\u0161kega, ki i\u0161\u010de sve\u017eino, eleganco in harmonijo v vsakdanjem \u017eivljenju.<\/p>\n","protected":false},"excerpt":{"rendered":"<p>Spominja na Bamb\u00fa znamke Adolfo Dominguez<\/p>\n","protected":false},"featured_media":7367,"comment_status":"open","ping_status":"closed","template":"","meta":[],"product_brand":[],"product_cat":[1451],"product_tag":[25],"class_list":{"0":"post-7365","1":"product","2":"type-product","3":"status-publish","4":"has-post-thumbnail","6":"product_cat-adolfo-dominguez","7":"product_tag-hombre","9":"first","10":"instock","11":"shipping-taxable","12":"product-type-simple"},"_links":{"self":[{"href":"https:\/\/divainers.com\/sl\/wp-json\/wp\/v2\/product\/7365","targetHints":{"allow":["GET"]}}],"collection":[{"href":"https:\/\/divainers.com\/sl\/wp-json\/wp\/v2\/product"}],"about":[{"href":"https:\/\/divainers.com\/sl\/wp-json\/wp\/v2\/types\/product"}],"replies":[{"embeddable":true,"href":"https:\/\/divainers.com\/sl\/wp-json\/wp\/v2\/comments?post=7365"}],"wp:featuredmedia":[{"embeddable":true,"href":"https:\/\/divainers.com\/sl\/wp-json\/wp\/v2\/media\/7367"}],"wp:attachment":[{"href":"https:\/\/divainers.com\/sl\/wp-json\/wp\/v2\/media?parent=7365"}],"wp:term":[{"taxonomy":"product_brand","embeddable":true,"href":"https:\/\/divainers.com\/sl\/wp-json\/wp\/v2\/product_brand?post=7365"},{"taxonomy":"product_cat","embeddable":true,"href":"https:\/\/divainers.com\/sl\/wp-json\/wp\/v2\/product_cat?post=7365"},{"taxonomy":"product_tag","embeddable":true,"href":"https:\/\/divainers.com\/sl\/wp-json\/wp\/v2\/product_tag?post=7365"}],"curies":[{"name":"wp","href":"https:\/\/api.w.org\/{rel}","templated":true}]}}