{"id":7385,"date":"2025-01-31T08:31:50","date_gmt":"2025-01-31T07:31:50","guid":{"rendered":"https:\/\/divainers.com\/producto\/divain-031\/"},"modified":"2026-04-30T09:45:04","modified_gmt":"2026-04-30T07:45:04","slug":"divain-031","status":"publish","type":"product","link":"https:\/\/divainers.com\/sl\/producto\/divain-031\/","title":{"rendered":"divain.031"},"content":{"rendered":"<p>Naraven in osve\u017eujo\u010d vonj, ki prikli\u010de sve\u017eino narave v njeni naj\u010distej\u0161i obliki. Citrusni zgornji toni bergamotke in mandarine se zdru\u017eijo z aromati\u010dnim srcem ro\u017emarina, sivke in koriandra, kar ustvarja \u010dist in energi\u010den ob\u010dutek. V osnovi hrastov mah, vetiver in sandalovina dodajo globino in eleganco ter pustijo rahel, a prefinjen sled. Popolno za tiste, ki i\u0161\u010dejo sve\u017eo, uravnote\u017eeno in brez\u010dasno di\u0161avo.<\/p>\n","protected":false},"excerpt":{"rendered":"<p>Spominja na Agua Fresca znamke Adolfo Dominguez<\/p>\n","protected":false},"featured_media":7388,"comment_status":"open","ping_status":"closed","template":"","meta":[],"product_brand":[],"product_cat":[1445],"product_tag":[1367],"class_list":{"0":"post-7385","1":"product","2":"type-product","3":"status-publish","4":"has-post-thumbnail","6":"product_cat-adolfo-dominguez","7":"product_tag-moski","9":"first","10":"instock","11":"shipping-taxable","12":"product-type-simple"},"_links":{"self":[{"href":"https:\/\/divainers.com\/sl\/wp-json\/wp\/v2\/product\/7385","targetHints":{"allow":["GET"]}}],"collection":[{"href":"https:\/\/divainers.com\/sl\/wp-json\/wp\/v2\/product"}],"about":[{"href":"https:\/\/divainers.com\/sl\/wp-json\/wp\/v2\/types\/product"}],"replies":[{"embeddable":true,"href":"https:\/\/divainers.com\/sl\/wp-json\/wp\/v2\/comments?post=7385"}],"wp:featuredmedia":[{"embeddable":true,"href":"https:\/\/divainers.com\/sl\/wp-json\/wp\/v2\/media\/7388"}],"wp:attachment":[{"href":"https:\/\/divainers.com\/sl\/wp-json\/wp\/v2\/media?parent=7385"}],"wp:term":[{"taxonomy":"product_brand","embeddable":true,"href":"https:\/\/divainers.com\/sl\/wp-json\/wp\/v2\/product_brand?post=7385"},{"taxonomy":"product_cat","embeddable":true,"href":"https:\/\/divainers.com\/sl\/wp-json\/wp\/v2\/product_cat?post=7385"},{"taxonomy":"product_tag","embeddable":true,"href":"https:\/\/divainers.com\/sl\/wp-json\/wp\/v2\/product_tag?post=7385"}],"curies":[{"name":"wp","href":"https:\/\/api.w.org\/{rel}","templated":true}]}}