{"id":7402,"date":"2025-08-01T12:00:08","date_gmt":"2025-08-01T10:00:08","guid":{"rendered":"https:\/\/divainers.com\/producto\/divain-1057\/"},"modified":"2025-08-01T12:00:08","modified_gmt":"2025-08-01T10:00:08","slug":"divain-1057","status":"publish","type":"product","link":"https:\/\/divainers.com\/sl\/producto\/divain-1057\/","title":{"rendered":"divain.1057"},"content":{"rendered":"<p>Predstavljajte si intenzivno in sofisticirano di\u0161avo, ki oddaja skrivnost in zna\u010daj, popolno za tiste, ki \u017eelijo z vsakim korakom pustiti globok in magneten pe\u010dat.<\/p>\n","protected":false},"excerpt":{"rendered":"<p>Remember Onyx avtorja Al-Jazeera Perfumes<\/p>\n","protected":false},"featured_media":7404,"comment_status":"open","ping_status":"closed","template":"","meta":[],"product_brand":[],"product_cat":[1460],"product_tag":[],"class_list":{"0":"post-7402","1":"product","2":"type-product","3":"status-publish","4":"has-post-thumbnail","6":"product_cat-al-jazeera-parfumi","8":"first","9":"instock","10":"shipping-taxable","11":"product-type-simple"},"_links":{"self":[{"href":"https:\/\/divainers.com\/sl\/wp-json\/wp\/v2\/product\/7402","targetHints":{"allow":["GET"]}}],"collection":[{"href":"https:\/\/divainers.com\/sl\/wp-json\/wp\/v2\/product"}],"about":[{"href":"https:\/\/divainers.com\/sl\/wp-json\/wp\/v2\/types\/product"}],"replies":[{"embeddable":true,"href":"https:\/\/divainers.com\/sl\/wp-json\/wp\/v2\/comments?post=7402"}],"wp:featuredmedia":[{"embeddable":true,"href":"https:\/\/divainers.com\/sl\/wp-json\/wp\/v2\/media\/7404"}],"wp:attachment":[{"href":"https:\/\/divainers.com\/sl\/wp-json\/wp\/v2\/media?parent=7402"}],"wp:term":[{"taxonomy":"product_brand","embeddable":true,"href":"https:\/\/divainers.com\/sl\/wp-json\/wp\/v2\/product_brand?post=7402"},{"taxonomy":"product_cat","embeddable":true,"href":"https:\/\/divainers.com\/sl\/wp-json\/wp\/v2\/product_cat?post=7402"},{"taxonomy":"product_tag","embeddable":true,"href":"https:\/\/divainers.com\/sl\/wp-json\/wp\/v2\/product_tag?post=7402"}],"curies":[{"name":"wp","href":"https:\/\/api.w.org\/{rel}","templated":true}]}}