{"id":742,"date":"2025-01-31T08:32:41","date_gmt":"2025-01-31T07:32:41","guid":{"rendered":"https:\/\/divainers.com\/producto\/divain-333\/"},"modified":"2026-04-30T16:01:04","modified_gmt":"2026-04-30T14:01:04","slug":"divain-333","status":"publish","type":"product","link":"https:\/\/divainers.com\/sl\/producto\/divain-333\/","title":{"rendered":"divain.333"},"content":{"rendered":"<p>Intenzivan i zavodljiv miris s za\u010dinskim otvaranjem kardamoma koji vodi do kremastog srca od lavande i vanilije. Njegova baza orijentalnog drva i jantara dodaje dubinu i eleganciju, stvaraju\u0107i sofisticiranu i obavijaju\u0107u mirisnu notu, savr\u0161enu za one koji tra\u017ee poseban i magnetski dodir.<\/p>\n","protected":false},"excerpt":{"rendered":"<p>Podsje\u0107a na Le Male Parfum od Jean Paul Gaultier<\/p>\n","protected":false},"featured_media":15367,"comment_status":"open","ping_status":"closed","template":"","meta":[],"product_brand":[],"product_cat":[1302],"product_tag":[1360],"class_list":{"0":"post-742","1":"product","2":"type-product","3":"status-publish","4":"has-post-thumbnail","6":"product_cat-jean-paul-gaultier","7":"product_tag-muskarci","9":"first","10":"instock","11":"shipping-taxable","12":"product-type-simple"},"_links":{"self":[{"href":"https:\/\/divainers.com\/sl\/wp-json\/wp\/v2\/product\/742","targetHints":{"allow":["GET"]}}],"collection":[{"href":"https:\/\/divainers.com\/sl\/wp-json\/wp\/v2\/product"}],"about":[{"href":"https:\/\/divainers.com\/sl\/wp-json\/wp\/v2\/types\/product"}],"replies":[{"embeddable":true,"href":"https:\/\/divainers.com\/sl\/wp-json\/wp\/v2\/comments?post=742"}],"wp:featuredmedia":[{"embeddable":true,"href":"https:\/\/divainers.com\/sl\/wp-json\/wp\/v2\/media\/15367"}],"wp:attachment":[{"href":"https:\/\/divainers.com\/sl\/wp-json\/wp\/v2\/media?parent=742"}],"wp:term":[{"taxonomy":"product_brand","embeddable":true,"href":"https:\/\/divainers.com\/sl\/wp-json\/wp\/v2\/product_brand?post=742"},{"taxonomy":"product_cat","embeddable":true,"href":"https:\/\/divainers.com\/sl\/wp-json\/wp\/v2\/product_cat?post=742"},{"taxonomy":"product_tag","embeddable":true,"href":"https:\/\/divainers.com\/sl\/wp-json\/wp\/v2\/product_tag?post=742"}],"curies":[{"name":"wp","href":"https:\/\/api.w.org\/{rel}","templated":true}]}}