{"id":7655,"date":"2025-01-31T08:32:01","date_gmt":"2025-01-31T07:32:01","guid":{"rendered":"https:\/\/divainers.com\/producto\/divain-003\/"},"modified":"2026-04-30T09:47:15","modified_gmt":"2026-04-30T07:47:15","slug":"divain-003","status":"publish","type":"product","link":"https:\/\/divainers.com\/sl\/producto\/divain-003\/","title":{"rendered":"divain.003"},"content":{"rendered":"<p>Predstavljajte si senzori\u010dno potovanje, kjer se brez\u010dasna eleganca sre\u010da z avanturo. Ta di\u0161ava zdru\u017euje toplino usnja in vanilije z za\u010dinjenim magnetizmom \u017eafrana in mu\u0161katnega ore\u0161\u010dka. Kan\u010dek sve\u017eih citrusov se prepleta s srcem plemenitih lesov in objemajo\u010do bazo jantarja in vetiverja, kar ustvarja prefinjeno, mo\u0161ko in zapeljivo aromo. Popolno za tiste, ki i\u0161\u010dejo prepoznavnost in zna\u010daj v vsaki esenci.<\/p>\n","protected":false},"excerpt":{"rendered":"<p>Spominja na CH Men od Carolina Herrera<\/p>\n","protected":false},"featured_media":7654,"comment_status":"open","ping_status":"closed","template":"","meta":[],"product_brand":[],"product_cat":[1543],"product_tag":[1367],"class_list":{"0":"post-7655","1":"product","2":"type-product","3":"status-publish","4":"has-post-thumbnail","6":"product_cat-carolina-herrera","7":"product_tag-moski","9":"first","10":"instock","11":"shipping-taxable","12":"product-type-simple"},"_links":{"self":[{"href":"https:\/\/divainers.com\/sl\/wp-json\/wp\/v2\/product\/7655","targetHints":{"allow":["GET"]}}],"collection":[{"href":"https:\/\/divainers.com\/sl\/wp-json\/wp\/v2\/product"}],"about":[{"href":"https:\/\/divainers.com\/sl\/wp-json\/wp\/v2\/types\/product"}],"replies":[{"embeddable":true,"href":"https:\/\/divainers.com\/sl\/wp-json\/wp\/v2\/comments?post=7655"}],"wp:featuredmedia":[{"embeddable":true,"href":"https:\/\/divainers.com\/sl\/wp-json\/wp\/v2\/media\/7654"}],"wp:attachment":[{"href":"https:\/\/divainers.com\/sl\/wp-json\/wp\/v2\/media?parent=7655"}],"wp:term":[{"taxonomy":"product_brand","embeddable":true,"href":"https:\/\/divainers.com\/sl\/wp-json\/wp\/v2\/product_brand?post=7655"},{"taxonomy":"product_cat","embeddable":true,"href":"https:\/\/divainers.com\/sl\/wp-json\/wp\/v2\/product_cat?post=7655"},{"taxonomy":"product_tag","embeddable":true,"href":"https:\/\/divainers.com\/sl\/wp-json\/wp\/v2\/product_tag?post=7655"}],"curies":[{"name":"wp","href":"https:\/\/api.w.org\/{rel}","templated":true}]}}