{"id":7822,"date":"2025-01-31T08:31:51","date_gmt":"2025-01-31T07:31:51","guid":{"rendered":"https:\/\/divainers.com\/producto\/divain-411\/"},"modified":"2026-04-30T09:48:01","modified_gmt":"2026-04-30T07:48:01","slug":"divain-411","status":"publish","type":"product","link":"https:\/\/divainers.com\/sl\/producto\/divain-411\/","title":{"rendered":"divain.411"},"content":{"rendered":"<p>Di\u0161ava, ki uravnava sve\u017eino in globino s privla\u010dno kombinacijo aromati\u010dnih in smolnatih not. Za\u010detek je \u017eivahen in za\u010dinjen, z mentolnim pridihom, ki prina\u0161a osve\u017eujo\u010d in energizirajo\u010d ob\u010dutek. Ko se razvija, se razkrije toplo in zemeljsko srce, kjer se lesne in smolnate note prepletajo z balzami\u010dnimi in dimljenimi akordi. Baza je bogata in obstojna, z jantarno in usnjeno noto, ki dodaja trajno eleganco. Idealno za tiste, ki i\u0161\u010dejo sofisticirano in objemajo\u010do di\u0161avo z zanimivim kontrastom med sve\u017eino in toplino.<\/p>\n","protected":false},"excerpt":{"rendered":"<p>Spominja na Enclave znamke Amouage<\/p>\n","protected":false},"featured_media":7820,"comment_status":"open","ping_status":"closed","template":"","meta":[],"product_brand":[],"product_cat":[1567],"product_tag":[1377],"class_list":{"0":"post-7822","1":"product","2":"type-product","3":"status-publish","4":"has-post-thumbnail","6":"product_cat-amouage","7":"product_tag-uniseks","9":"first","10":"instock","11":"shipping-taxable","12":"product-type-simple"},"_links":{"self":[{"href":"https:\/\/divainers.com\/sl\/wp-json\/wp\/v2\/product\/7822","targetHints":{"allow":["GET"]}}],"collection":[{"href":"https:\/\/divainers.com\/sl\/wp-json\/wp\/v2\/product"}],"about":[{"href":"https:\/\/divainers.com\/sl\/wp-json\/wp\/v2\/types\/product"}],"replies":[{"embeddable":true,"href":"https:\/\/divainers.com\/sl\/wp-json\/wp\/v2\/comments?post=7822"}],"wp:featuredmedia":[{"embeddable":true,"href":"https:\/\/divainers.com\/sl\/wp-json\/wp\/v2\/media\/7820"}],"wp:attachment":[{"href":"https:\/\/divainers.com\/sl\/wp-json\/wp\/v2\/media?parent=7822"}],"wp:term":[{"taxonomy":"product_brand","embeddable":true,"href":"https:\/\/divainers.com\/sl\/wp-json\/wp\/v2\/product_brand?post=7822"},{"taxonomy":"product_cat","embeddable":true,"href":"https:\/\/divainers.com\/sl\/wp-json\/wp\/v2\/product_cat?post=7822"},{"taxonomy":"product_tag","embeddable":true,"href":"https:\/\/divainers.com\/sl\/wp-json\/wp\/v2\/product_tag?post=7822"}],"curies":[{"name":"wp","href":"https:\/\/api.w.org\/{rel}","templated":true}]}}