{"id":7863,"date":"2025-01-31T08:31:51","date_gmt":"2025-01-31T07:31:51","guid":{"rendered":"https:\/\/divainers.com\/producto\/divain-153\/"},"modified":"2026-04-30T09:48:13","modified_gmt":"2026-04-30T07:48:13","slug":"divain-153","status":"publish","type":"product","link":"https:\/\/divainers.com\/sl\/producto\/divain-153\/","title":{"rendered":"divain.153"},"content":{"rendered":"<p>Eleganten in brez\u010dasen vonj, ki ovije \u010dute s svojo prefinjeno sve\u017eino in ne\u017eno \u017eenstvenostjo. Citrusni za\u010detek bergamotke in mandarine prina\u0161a svetel in \u017eivahen ob\u010dutek. V srcu se razkriva prefinjen \u0161opek frezije, zvon\u010dkov in jasmina, ki razkriva \u010disto in subtilno zapeljivo cvetli\u010dno esenco. V bazi beli mo\u0161us, jantar in sandalovina ustvarjajo mehko, toplo in objemajo\u010do sled, popolno za prefinjeno, naravno \u017eensko z diskretno, a nepozabno privla\u010dnostjo.<\/p>\n","protected":false},"excerpt":{"rendered":"<p>Spominja na Angel Schlesser Femme od Angel Schlesser<\/p>\n","protected":false},"featured_media":7862,"comment_status":"open","ping_status":"closed","template":"","meta":[],"product_brand":[],"product_cat":[1588],"product_tag":[1446],"class_list":{"0":"post-7863","1":"product","2":"type-product","3":"status-publish","4":"has-post-thumbnail","6":"product_cat-angel-schlesser","7":"product_tag-zenske","9":"first","10":"instock","11":"shipping-taxable","12":"product-type-simple"},"_links":{"self":[{"href":"https:\/\/divainers.com\/sl\/wp-json\/wp\/v2\/product\/7863","targetHints":{"allow":["GET"]}}],"collection":[{"href":"https:\/\/divainers.com\/sl\/wp-json\/wp\/v2\/product"}],"about":[{"href":"https:\/\/divainers.com\/sl\/wp-json\/wp\/v2\/types\/product"}],"replies":[{"embeddable":true,"href":"https:\/\/divainers.com\/sl\/wp-json\/wp\/v2\/comments?post=7863"}],"wp:featuredmedia":[{"embeddable":true,"href":"https:\/\/divainers.com\/sl\/wp-json\/wp\/v2\/media\/7862"}],"wp:attachment":[{"href":"https:\/\/divainers.com\/sl\/wp-json\/wp\/v2\/media?parent=7863"}],"wp:term":[{"taxonomy":"product_brand","embeddable":true,"href":"https:\/\/divainers.com\/sl\/wp-json\/wp\/v2\/product_brand?post=7863"},{"taxonomy":"product_cat","embeddable":true,"href":"https:\/\/divainers.com\/sl\/wp-json\/wp\/v2\/product_cat?post=7863"},{"taxonomy":"product_tag","embeddable":true,"href":"https:\/\/divainers.com\/sl\/wp-json\/wp\/v2\/product_tag?post=7863"}],"curies":[{"name":"wp","href":"https:\/\/api.w.org\/{rel}","templated":true}]}}