{"id":7907,"date":"2025-01-31T08:31:51","date_gmt":"2025-01-31T07:31:51","guid":{"rendered":"https:\/\/divainers.com\/producto\/divain-948\/"},"modified":"2026-04-30T09:48:32","modified_gmt":"2026-04-30T07:48:32","slug":"divain-948","status":"publish","type":"product","link":"https:\/\/divainers.com\/sl\/producto\/divain-948\/","title":{"rendered":"divain.948"},"content":{"rendered":"<p>Ne\u017een in objemajo\u010d vonj, ki vzbuja ob\u010dutek lahkotnosti in mirnosti, kot da bi plaval med oblaki na topel dan. \u017de na za\u010detku sadne note sivke in hru\u0161ke prina\u0161ajo sve\u017eino, omiljeno s kremnim pridihom kokosa, ki dodaja lahko in spro\u0161\u010dujo\u010do sladkost. Ko se vonj razvija, cvetli\u010dne note jasmina in lilije doline dodajo ne\u017eno in \u017eenstveno eleganco, ustvarjajo\u010d eteri\u010dno mehkobo, ki ovije ko\u017eo. Osnova, zaznamovana z mo\u0161usom in karamelo, daje topel in tola\u017eilen temelj, ki se zlije z la\u017ejimi notami in pu\u0161\u010da sled, ki je tako objemajo\u010da kot spro\u0161\u010dujo\u010da. Ta vonj je popoln za tiste, ki i\u0161\u010dejo ne\u017een, sladek in miren vonjni u\u017eitek, idealen za vsakodnevno uporabo, ki prena\u0161a ob\u010dutek miru in sve\u017eine.<\/p>\n","protected":false},"excerpt":{"rendered":"<p>Spominja na Cloud od Ariana Grande<\/p>\n","protected":false},"featured_media":7905,"comment_status":"open","ping_status":"closed","template":"","meta":[],"product_brand":[],"product_cat":[1610],"product_tag":[1446],"class_list":{"0":"post-7907","1":"product","2":"type-product","3":"status-publish","4":"has-post-thumbnail","6":"product_cat-ariana-grande","7":"product_tag-zenske","9":"first","10":"instock","11":"shipping-taxable","12":"product-type-simple"},"_links":{"self":[{"href":"https:\/\/divainers.com\/sl\/wp-json\/wp\/v2\/product\/7907","targetHints":{"allow":["GET"]}}],"collection":[{"href":"https:\/\/divainers.com\/sl\/wp-json\/wp\/v2\/product"}],"about":[{"href":"https:\/\/divainers.com\/sl\/wp-json\/wp\/v2\/types\/product"}],"replies":[{"embeddable":true,"href":"https:\/\/divainers.com\/sl\/wp-json\/wp\/v2\/comments?post=7907"}],"wp:featuredmedia":[{"embeddable":true,"href":"https:\/\/divainers.com\/sl\/wp-json\/wp\/v2\/media\/7905"}],"wp:attachment":[{"href":"https:\/\/divainers.com\/sl\/wp-json\/wp\/v2\/media?parent=7907"}],"wp:term":[{"taxonomy":"product_brand","embeddable":true,"href":"https:\/\/divainers.com\/sl\/wp-json\/wp\/v2\/product_brand?post=7907"},{"taxonomy":"product_cat","embeddable":true,"href":"https:\/\/divainers.com\/sl\/wp-json\/wp\/v2\/product_cat?post=7907"},{"taxonomy":"product_tag","embeddable":true,"href":"https:\/\/divainers.com\/sl\/wp-json\/wp\/v2\/product_tag?post=7907"}],"curies":[{"name":"wp","href":"https:\/\/api.w.org\/{rel}","templated":true}]}}