{"id":7951,"date":"2025-01-31T08:31:51","date_gmt":"2025-01-31T07:31:51","guid":{"rendered":"https:\/\/divainers.com\/producto\/divain-457\/"},"modified":"2026-04-30T09:48:53","modified_gmt":"2026-04-30T07:48:53","slug":"divain-457","status":"publish","type":"product","link":"https:\/\/divainers.com\/sl\/producto\/divain-457\/","title":{"rendered":"divain.457"},"content":{"rendered":"<p>Drzen in magneten vonj, ki v vsaki noti iz\u017eareva eleganco in zna\u010daj. Za\u010detek je \u017eivahen in citrusen, z eksplozijo limone, ananasa in bergamotke, ki prebudi \u010dute z intenzivno sve\u017eino. V srcu breza in jasmin dodata globino in prefinjen dimljen pridih, ki prikli\u010de prefinjeno in samozavestno mo\u0161kost. Na koncu ovijajo\u010da baza iz sivega jantarja, mo\u0161usa in pa\u010dulija pusti trajen, zapeljiv in mo\u010dan sled. Impozanten in prefinjen parfum, idealen za tiste, ki i\u0161\u010dejo intenzivno, vsestransko in prepoznavno prisotnost.<\/p>\n","protected":false},"excerpt":{"rendered":"<p>Spominja na Club de Nuit Intense Man de Armaf<\/p>\n","protected":false},"featured_media":7947,"comment_status":"open","ping_status":"closed","template":"","meta":[],"product_brand":[],"product_cat":[1617],"product_tag":[1358],"class_list":{"0":"post-7951","1":"product","2":"type-product","3":"status-publish","4":"has-post-thumbnail","6":"product_cat-armaf","7":"product_tag-mannen","9":"first","10":"instock","11":"shipping-taxable","12":"product-type-simple"},"_links":{"self":[{"href":"https:\/\/divainers.com\/sl\/wp-json\/wp\/v2\/product\/7951","targetHints":{"allow":["GET"]}}],"collection":[{"href":"https:\/\/divainers.com\/sl\/wp-json\/wp\/v2\/product"}],"about":[{"href":"https:\/\/divainers.com\/sl\/wp-json\/wp\/v2\/types\/product"}],"replies":[{"embeddable":true,"href":"https:\/\/divainers.com\/sl\/wp-json\/wp\/v2\/comments?post=7951"}],"wp:featuredmedia":[{"embeddable":true,"href":"https:\/\/divainers.com\/sl\/wp-json\/wp\/v2\/media\/7947"}],"wp:attachment":[{"href":"https:\/\/divainers.com\/sl\/wp-json\/wp\/v2\/media?parent=7951"}],"wp:term":[{"taxonomy":"product_brand","embeddable":true,"href":"https:\/\/divainers.com\/sl\/wp-json\/wp\/v2\/product_brand?post=7951"},{"taxonomy":"product_cat","embeddable":true,"href":"https:\/\/divainers.com\/sl\/wp-json\/wp\/v2\/product_cat?post=7951"},{"taxonomy":"product_tag","embeddable":true,"href":"https:\/\/divainers.com\/sl\/wp-json\/wp\/v2\/product_tag?post=7951"}],"curies":[{"name":"wp","href":"https:\/\/api.w.org\/{rel}","templated":true}]}}