{"id":7992,"date":"2025-01-31T08:31:51","date_gmt":"2025-01-31T07:31:51","guid":{"rendered":"https:\/\/divainers.com\/producto\/divain-890\/"},"modified":"2026-04-30T09:49:04","modified_gmt":"2026-04-30T07:49:04","slug":"divain-890","status":"publish","type":"product","link":"https:\/\/divainers.com\/sl\/producto\/divain-890\/","title":{"rendered":"divain.890"},"content":{"rendered":"<p>Predstavljajte si di\u0161avo, ki vas ovije v toplo in eksoti\u010dno vzdu\u0161je, kjer se sladke in za\u010dinjene note prepletajo z dragocenimi lesovi in vanilijo. Ta esenca se za\u010dne s so\u010dnim odprtjem slive in kan\u010dkom cimeta, ki prina\u0161ata za\u010dinjeno sladkost. V srcu heliotrop in datelj ponujata mehko cvetli\u010dno in sadno noto, medtem ko pa\u010duli dodaja zemeljsko globino. Osnova iz guajakovega lesa, sandalovine in vanilije ustvarja topel in tola\u017eilen sled, ki prikli\u010de bogastvo vzhodnih trgovskih poti. Ta kompozicija ponuja olfaktorno izku\u0161njo, ki popolnoma zdru\u017euje sladke, za\u010dinjene in lesene note v popolni harmoniji.<\/p>\n","protected":false},"excerpt":{"rendered":"<p>Spominja na Rouge Sar\u00e2y iz Atelier des Ors<\/p>\n","protected":false},"featured_media":7989,"comment_status":"open","ping_status":"closed","template":"","meta":[],"product_brand":[],"product_cat":[1634],"product_tag":[1377],"class_list":{"0":"post-7992","1":"product","2":"type-product","3":"status-publish","4":"has-post-thumbnail","6":"product_cat-atelier-des-ors","7":"product_tag-uniseks","9":"first","10":"instock","11":"shipping-taxable","12":"product-type-simple"},"_links":{"self":[{"href":"https:\/\/divainers.com\/sl\/wp-json\/wp\/v2\/product\/7992","targetHints":{"allow":["GET"]}}],"collection":[{"href":"https:\/\/divainers.com\/sl\/wp-json\/wp\/v2\/product"}],"about":[{"href":"https:\/\/divainers.com\/sl\/wp-json\/wp\/v2\/types\/product"}],"replies":[{"embeddable":true,"href":"https:\/\/divainers.com\/sl\/wp-json\/wp\/v2\/comments?post=7992"}],"wp:featuredmedia":[{"embeddable":true,"href":"https:\/\/divainers.com\/sl\/wp-json\/wp\/v2\/media\/7989"}],"wp:attachment":[{"href":"https:\/\/divainers.com\/sl\/wp-json\/wp\/v2\/media?parent=7992"}],"wp:term":[{"taxonomy":"product_brand","embeddable":true,"href":"https:\/\/divainers.com\/sl\/wp-json\/wp\/v2\/product_brand?post=7992"},{"taxonomy":"product_cat","embeddable":true,"href":"https:\/\/divainers.com\/sl\/wp-json\/wp\/v2\/product_cat?post=7992"},{"taxonomy":"product_tag","embeddable":true,"href":"https:\/\/divainers.com\/sl\/wp-json\/wp\/v2\/product_tag?post=7992"}],"curies":[{"name":"wp","href":"https:\/\/api.w.org\/{rel}","templated":true}]}}