{"id":8076,"date":"2025-01-31T08:31:52","date_gmt":"2025-01-31T07:31:52","guid":{"rendered":"https:\/\/divainers.com\/producto\/divain-240\/"},"modified":"2026-04-30T09:49:28","modified_gmt":"2026-04-30T07:49:28","slug":"divain-240","status":"publish","type":"product","link":"https:\/\/divainers.com\/sl\/producto\/divain-240\/","title":{"rendered":"divain.240"},"content":{"rendered":"<p>\u017divahna in drzna di\u0161ava, zasnovana za ekstrovertiranega in polnega energije mo\u0161kega. V uvodu eksplozija sve\u017eine in za\u010dimb z notami limone, ingverja in mete, ki prebujajo \u010dute in prina\u0161ajo dinamiko. Srce di\u0161ave je polno toplega in aromati\u010dnega dotika sivke, v kombinaciji s cimetom in kardamomom, kar ustvarja ravnovesje med mehkobo in intenzivnostjo. V bazi lesne in balzami\u010dne note tonke, sandalovine in usnja ovijejo ko\u017eo s sledjo prefinjenosti in senzualnosti. Idealna za posebne prilo\u017enosti, ta di\u0161ava odra\u017ea drznost in samozavest, popolna za tiste, ki \u017eelijo izstopati z nepozabno prisotnostjo.<\/p>\n","protected":false},"excerpt":{"rendered":"<p>Spominja na Azzaro Wanted od Azzaro<\/p>\n","protected":false},"featured_media":8073,"comment_status":"open","ping_status":"closed","template":"","meta":[],"product_brand":[],"product_cat":[1695],"product_tag":[1367],"class_list":{"0":"post-8076","1":"product","2":"type-product","3":"status-publish","4":"has-post-thumbnail","6":"product_cat-azzaro","7":"product_tag-moski","9":"first","10":"instock","11":"shipping-taxable","12":"product-type-simple"},"_links":{"self":[{"href":"https:\/\/divainers.com\/sl\/wp-json\/wp\/v2\/product\/8076","targetHints":{"allow":["GET"]}}],"collection":[{"href":"https:\/\/divainers.com\/sl\/wp-json\/wp\/v2\/product"}],"about":[{"href":"https:\/\/divainers.com\/sl\/wp-json\/wp\/v2\/types\/product"}],"replies":[{"embeddable":true,"href":"https:\/\/divainers.com\/sl\/wp-json\/wp\/v2\/comments?post=8076"}],"wp:featuredmedia":[{"embeddable":true,"href":"https:\/\/divainers.com\/sl\/wp-json\/wp\/v2\/media\/8073"}],"wp:attachment":[{"href":"https:\/\/divainers.com\/sl\/wp-json\/wp\/v2\/media?parent=8076"}],"wp:term":[{"taxonomy":"product_brand","embeddable":true,"href":"https:\/\/divainers.com\/sl\/wp-json\/wp\/v2\/product_brand?post=8076"},{"taxonomy":"product_cat","embeddable":true,"href":"https:\/\/divainers.com\/sl\/wp-json\/wp\/v2\/product_cat?post=8076"},{"taxonomy":"product_tag","embeddable":true,"href":"https:\/\/divainers.com\/sl\/wp-json\/wp\/v2\/product_tag?post=8076"}],"curies":[{"name":"wp","href":"https:\/\/api.w.org\/{rel}","templated":true}]}}