{"id":8117,"date":"2025-01-31T08:31:53","date_gmt":"2025-01-31T07:31:53","guid":{"rendered":"https:\/\/divainers.com\/producto\/divain-715\/"},"modified":"2026-04-30T09:49:36","modified_gmt":"2026-04-30T07:49:36","slug":"divain-715","status":"publish","type":"product","link":"https:\/\/divainers.com\/sl\/producto\/divain-715\/","title":{"rendered":"divain.715"},"content":{"rendered":"<p>Je sve\u017ea in moderna cvetna di\u0161ava, ki jo zaznamuje kontrast med zelenimi in cvetli\u010dnimi notami. Za\u010detek je sve\u017e in lahek z dotikom mete, ki se zlije z vrtnico in nageljnom v srcu, ustvarjajo\u010d ob\u010dutek sve\u017eega in objemajo\u010dega poljskega cvetja. Ko se razvija, osnovne note jantarja in vetiverja dodajo zemeljsko in prefinjeno globino, ki uravnote\u017ei sve\u017eino cvetja. Je elegantna in sodobna di\u0161ava, idealna za tiste, ki i\u0161\u010dejo nekaj \u017eenstvenega, a z kan\u010dkom drznosti in modernosti.<\/p>\n","protected":false},"excerpt":{"rendered":"<p>Spominja na Florabotanica znamke Balenciaga<\/p>\n","protected":false},"featured_media":8115,"comment_status":"open","ping_status":"closed","template":"","meta":[],"product_brand":[],"product_cat":[1715],"product_tag":[1446],"class_list":{"0":"post-8117","1":"product","2":"type-product","3":"status-publish","4":"has-post-thumbnail","6":"product_cat-balenciaga","7":"product_tag-zenske","9":"first","10":"instock","11":"shipping-taxable","12":"product-type-simple"},"_links":{"self":[{"href":"https:\/\/divainers.com\/sl\/wp-json\/wp\/v2\/product\/8117","targetHints":{"allow":["GET"]}}],"collection":[{"href":"https:\/\/divainers.com\/sl\/wp-json\/wp\/v2\/product"}],"about":[{"href":"https:\/\/divainers.com\/sl\/wp-json\/wp\/v2\/types\/product"}],"replies":[{"embeddable":true,"href":"https:\/\/divainers.com\/sl\/wp-json\/wp\/v2\/comments?post=8117"}],"wp:featuredmedia":[{"embeddable":true,"href":"https:\/\/divainers.com\/sl\/wp-json\/wp\/v2\/media\/8115"}],"wp:attachment":[{"href":"https:\/\/divainers.com\/sl\/wp-json\/wp\/v2\/media?parent=8117"}],"wp:term":[{"taxonomy":"product_brand","embeddable":true,"href":"https:\/\/divainers.com\/sl\/wp-json\/wp\/v2\/product_brand?post=8117"},{"taxonomy":"product_cat","embeddable":true,"href":"https:\/\/divainers.com\/sl\/wp-json\/wp\/v2\/product_cat?post=8117"},{"taxonomy":"product_tag","embeddable":true,"href":"https:\/\/divainers.com\/sl\/wp-json\/wp\/v2\/product_tag?post=8117"}],"curies":[{"name":"wp","href":"https:\/\/api.w.org\/{rel}","templated":true}]}}