{"id":8160,"date":"2025-01-31T08:31:53","date_gmt":"2025-01-31T07:31:53","guid":{"rendered":"https:\/\/divainers.com\/producto\/divain-412\/"},"modified":"2026-04-30T09:49:46","modified_gmt":"2026-04-30T07:49:46","slug":"divain-412","status":"publish","type":"product","link":"https:\/\/divainers.com\/sl\/producto\/divain-412\/","title":{"rendered":"divain.412"},"content":{"rendered":"<p>Razko\u0161en in zasvojen vonj, ki zdru\u017euje za\u010dinjeno toplino tobaka z \u017eametno senzualnostjo vrtnice. \u017de od za\u010detka za\u010dinjene in sladke note objamejo \u010dute ter ustvarjajo intenziven in vpojen ob\u010dutek. V srcu se vrtnica razpre z globokim in rahlo temnim zna\u010dajem, spremljajo pa jo jantarne in smolnate niance, ki poudarjajo njeno bogastvo. Osnova je gosta in zapeljiva, z akordi kakava, mo\u0161usa in kremastih lesov, ki pu\u0161\u010dajo prefinjen in dolgotrajen sled. Idealno za tiste, ki i\u0161\u010dejo drzno, elegantno in polno zna\u010daja di\u0161avo.<\/p>\n","protected":false},"excerpt":{"rendered":"<p>Spominja na Tabac Rose iz BDK Parfums<\/p>\n","protected":false},"featured_media":8158,"comment_status":"open","ping_status":"closed","template":"","meta":[],"product_brand":[],"product_cat":[1733],"product_tag":[1379],"class_list":{"0":"post-8160","1":"product","2":"type-product","3":"status-publish","4":"has-post-thumbnail","6":"product_cat-bdk-parfums","7":"product_tag-unisex","9":"first","10":"instock","11":"shipping-taxable","12":"product-type-simple"},"_links":{"self":[{"href":"https:\/\/divainers.com\/sl\/wp-json\/wp\/v2\/product\/8160","targetHints":{"allow":["GET"]}}],"collection":[{"href":"https:\/\/divainers.com\/sl\/wp-json\/wp\/v2\/product"}],"about":[{"href":"https:\/\/divainers.com\/sl\/wp-json\/wp\/v2\/types\/product"}],"replies":[{"embeddable":true,"href":"https:\/\/divainers.com\/sl\/wp-json\/wp\/v2\/comments?post=8160"}],"wp:featuredmedia":[{"embeddable":true,"href":"https:\/\/divainers.com\/sl\/wp-json\/wp\/v2\/media\/8158"}],"wp:attachment":[{"href":"https:\/\/divainers.com\/sl\/wp-json\/wp\/v2\/media?parent=8160"}],"wp:term":[{"taxonomy":"product_brand","embeddable":true,"href":"https:\/\/divainers.com\/sl\/wp-json\/wp\/v2\/product_brand?post=8160"},{"taxonomy":"product_cat","embeddable":true,"href":"https:\/\/divainers.com\/sl\/wp-json\/wp\/v2\/product_cat?post=8160"},{"taxonomy":"product_tag","embeddable":true,"href":"https:\/\/divainers.com\/sl\/wp-json\/wp\/v2\/product_tag?post=8160"}],"curies":[{"name":"wp","href":"https:\/\/api.w.org\/{rel}","templated":true}]}}