{"id":8203,"date":"2025-01-31T08:33:36","date_gmt":"2025-01-31T07:33:36","guid":{"rendered":"https:\/\/divainers.com\/producto\/divain-077\/"},"modified":"2026-04-30T09:49:56","modified_gmt":"2026-04-30T07:49:56","slug":"divain-077","status":"publish","type":"product","link":"https:\/\/divainers.com\/sl\/producto\/divain-077\/","title":{"rendered":"divain.077"},"content":{"rendered":"<p>Mladosten in \u017eivahen vonj, ki ujame veselje in spontanost v vsaki noti. Njegov iskrivi za\u010detek breskve, marelice in \u010drnega ribeza prina\u0161a sadno in svetlo sladkost. V srcu frezija, vijolica in lilija dolin ovijejo di\u0161avo v ne\u017eno in romanti\u010dno \u017eenstvenost. V osnovi sandalovina, vanilija in mo\u0161us ustvarjajo topel in prijeten sled, popoln za zabavno, svobodno \u017eensko z duhom polnim energije.<\/p>\n","protected":false},"excerpt":{"rendered":"<p>Spominja na Red Jeans znamke Versace<\/p>\n","protected":false},"featured_media":8197,"comment_status":"open","ping_status":"closed","template":"","meta":[],"product_brand":[],"product_cat":[1759],"product_tag":[1446],"class_list":{"0":"post-8203","1":"product","2":"type-product","3":"status-publish","4":"has-post-thumbnail","6":"product_cat-versace","7":"product_tag-zenske","9":"first","10":"instock","11":"shipping-taxable","12":"product-type-simple"},"_links":{"self":[{"href":"https:\/\/divainers.com\/sl\/wp-json\/wp\/v2\/product\/8203","targetHints":{"allow":["GET"]}}],"collection":[{"href":"https:\/\/divainers.com\/sl\/wp-json\/wp\/v2\/product"}],"about":[{"href":"https:\/\/divainers.com\/sl\/wp-json\/wp\/v2\/types\/product"}],"replies":[{"embeddable":true,"href":"https:\/\/divainers.com\/sl\/wp-json\/wp\/v2\/comments?post=8203"}],"wp:featuredmedia":[{"embeddable":true,"href":"https:\/\/divainers.com\/sl\/wp-json\/wp\/v2\/media\/8197"}],"wp:attachment":[{"href":"https:\/\/divainers.com\/sl\/wp-json\/wp\/v2\/media?parent=8203"}],"wp:term":[{"taxonomy":"product_brand","embeddable":true,"href":"https:\/\/divainers.com\/sl\/wp-json\/wp\/v2\/product_brand?post=8203"},{"taxonomy":"product_cat","embeddable":true,"href":"https:\/\/divainers.com\/sl\/wp-json\/wp\/v2\/product_cat?post=8203"},{"taxonomy":"product_tag","embeddable":true,"href":"https:\/\/divainers.com\/sl\/wp-json\/wp\/v2\/product_tag?post=8203"}],"curies":[{"name":"wp","href":"https:\/\/api.w.org\/{rel}","templated":true}]}}