{"id":8244,"date":"2025-01-31T08:31:53","date_gmt":"2025-01-31T07:31:53","guid":{"rendered":"https:\/\/divainers.com\/producto\/divain-447\/"},"modified":"2026-04-30T09:50:10","modified_gmt":"2026-04-30T07:50:10","slug":"divain-447","status":"publish","type":"product","link":"https:\/\/divainers.com\/sl\/producto\/divain-447\/","title":{"rendered":"divain.447"},"content":{"rendered":"<p>Veli\u010dasten in mo\u010dan vonj, ki v vsaki noti iz\u017eareva samozavest in prefinjenost. Za\u010detek je \u017eivahen in za\u010dinjen, z eksplozijo bergamotke in popra, ki prebudi \u010dute z energijo in eleganco. V srcu se jantar in sivka zdru\u017eujeta z plemenitimi lesovi, kar daje globino in prefinjen zrak. Na koncu topla baza vanilije, mo\u0161usa in ouda pu\u0161\u010da ovijajo\u010d, intenziven in zapeljiv sled. Drzen in magneti\u010den parfum, popoln za tiste, ki i\u0161\u010dejo di\u0161avo s karakterjem, prisotnostjo in impresivno eleganco.<\/p>\n","protected":false},"excerpt":{"rendered":"<p>Spominja na King od Bharara<\/p>\n","protected":false},"featured_media":8241,"comment_status":"open","ping_status":"closed","template":"","meta":[],"product_brand":[],"product_cat":[1764],"product_tag":[1342],"class_list":{"0":"post-8244","1":"product","2":"type-product","3":"status-publish","4":"has-post-thumbnail","6":"product_cat-bharara","7":"product_tag-mehed","9":"first","10":"instock","11":"shipping-taxable","12":"product-type-simple"},"_links":{"self":[{"href":"https:\/\/divainers.com\/sl\/wp-json\/wp\/v2\/product\/8244","targetHints":{"allow":["GET"]}}],"collection":[{"href":"https:\/\/divainers.com\/sl\/wp-json\/wp\/v2\/product"}],"about":[{"href":"https:\/\/divainers.com\/sl\/wp-json\/wp\/v2\/types\/product"}],"replies":[{"embeddable":true,"href":"https:\/\/divainers.com\/sl\/wp-json\/wp\/v2\/comments?post=8244"}],"wp:featuredmedia":[{"embeddable":true,"href":"https:\/\/divainers.com\/sl\/wp-json\/wp\/v2\/media\/8241"}],"wp:attachment":[{"href":"https:\/\/divainers.com\/sl\/wp-json\/wp\/v2\/media?parent=8244"}],"wp:term":[{"taxonomy":"product_brand","embeddable":true,"href":"https:\/\/divainers.com\/sl\/wp-json\/wp\/v2\/product_brand?post=8244"},{"taxonomy":"product_cat","embeddable":true,"href":"https:\/\/divainers.com\/sl\/wp-json\/wp\/v2\/product_cat?post=8244"},{"taxonomy":"product_tag","embeddable":true,"href":"https:\/\/divainers.com\/sl\/wp-json\/wp\/v2\/product_tag?post=8244"}],"curies":[{"name":"wp","href":"https:\/\/api.w.org\/{rel}","templated":true}]}}