{"id":8328,"date":"2025-01-31T08:31:53","date_gmt":"2025-01-31T07:31:53","guid":{"rendered":"https:\/\/divainers.com\/producto\/divain-668\/"},"modified":"2026-04-30T09:50:40","modified_gmt":"2026-04-30T07:50:40","slug":"divain-668","status":"publish","type":"product","link":"https:\/\/divainers.com\/sl\/producto\/divain-668\/","title":{"rendered":"divain.668"},"content":{"rendered":"<p>Izjemna in o\u010darljiva di\u0161ava, ki iz\u017eareva eleganco in skrivnostnost. V uvodu se razkrije sve\u017ea in citrusna me\u0161anica, ki se prepleta z morskimi notami, ki prikli\u010dejo sve\u017e morski vetri\u010d. Ko se di\u0161ava umiri, srce razkrije cvetli\u010dni in sadni akord, kjer se sladkost eksoti\u010dnega sadja prepleta z mehkobo ne\u017enih cvetov, ustvarjajo\u010d objemajo\u010d in \u017eenstven ob\u010dutek. Osnova, globoka in prefinjena, je sestavljena iz dragocenih lesov in subtilnega pridih muskusa, ki pu\u0161\u010da topel in zapeljiv sled. Idealna di\u0161ava za tiste, ki i\u0161\u010dejo prefinjen in zna\u010dilen parfum, popoln za \u017eensko, ki \u017eeli iz\u017earevati podobo razko\u0161ja, mo\u010di in samozavesti.<\/p>\n","protected":false},"excerpt":{"rendered":"<p>Spominja na Blue Sapphire znamke Boadicea The Victorious<\/p>\n","protected":false},"featured_media":8326,"comment_status":"open","ping_status":"closed","template":"","meta":[],"product_brand":[],"product_cat":[73],"product_tag":[1415],"class_list":{"0":"post-8328","1":"product","2":"type-product","3":"status-publish","4":"has-post-thumbnail","6":"product_cat-boadicea-the-victorious","7":"product_tag-unisex","9":"first","10":"instock","11":"shipping-taxable","12":"product-type-simple"},"_links":{"self":[{"href":"https:\/\/divainers.com\/sl\/wp-json\/wp\/v2\/product\/8328","targetHints":{"allow":["GET"]}}],"collection":[{"href":"https:\/\/divainers.com\/sl\/wp-json\/wp\/v2\/product"}],"about":[{"href":"https:\/\/divainers.com\/sl\/wp-json\/wp\/v2\/types\/product"}],"replies":[{"embeddable":true,"href":"https:\/\/divainers.com\/sl\/wp-json\/wp\/v2\/comments?post=8328"}],"wp:featuredmedia":[{"embeddable":true,"href":"https:\/\/divainers.com\/sl\/wp-json\/wp\/v2\/media\/8326"}],"wp:attachment":[{"href":"https:\/\/divainers.com\/sl\/wp-json\/wp\/v2\/media?parent=8328"}],"wp:term":[{"taxonomy":"product_brand","embeddable":true,"href":"https:\/\/divainers.com\/sl\/wp-json\/wp\/v2\/product_brand?post=8328"},{"taxonomy":"product_cat","embeddable":true,"href":"https:\/\/divainers.com\/sl\/wp-json\/wp\/v2\/product_cat?post=8328"},{"taxonomy":"product_tag","embeddable":true,"href":"https:\/\/divainers.com\/sl\/wp-json\/wp\/v2\/product_tag?post=8328"}],"curies":[{"name":"wp","href":"https:\/\/api.w.org\/{rel}","templated":true}]}}