{"id":8367,"date":"2025-01-31T08:31:53","date_gmt":"2025-01-31T07:31:53","guid":{"rendered":"https:\/\/divainers.com\/producto\/divain-452\/"},"modified":"2026-04-30T09:50:51","modified_gmt":"2026-04-30T07:50:51","slug":"divain-452","status":"publish","type":"product","link":"https:\/\/divainers.com\/sl\/producto\/divain-452\/","title":{"rendered":"divain.452"},"content":{"rendered":"<p>\u017divahna in prefinjena di\u0161ava, ki ujame dinami\u010dno energijo mesta z dotikom sve\u017eine in neustavljive topline. Za\u010detek je svetel in so\u010den, z eksplozijo \u010drnega ribeza in borovnic, poudarjen z zelenimi in za\u010dinjenimi notami, ki prebujajo \u010dute. V srcu vijoli\u010dne in cimetove note dodajo globino in prefinjenost, medtem ko baza jantarja, vanilije in plemenitih lesov ovije ko\u017eo z objemajo\u010dim, kremnim in zapeljivim sledom. Sodobna in vsestranska parfumska voda, idealna za tiste, ki i\u0161\u010dejo edinstveno, prefinjeno in prepoznavno prisotnost.<\/p>\n","protected":false},"excerpt":{"rendered":"<p>Spominja na Bleecker Street znamke Bond No 9<\/p>\n","protected":false},"featured_media":8365,"comment_status":"open","ping_status":"closed","template":"","meta":[],"product_brand":[],"product_cat":[1840],"product_tag":[1377],"class_list":{"0":"post-8367","1":"product","2":"type-product","3":"status-publish","4":"has-post-thumbnail","6":"product_cat-bond-no-9","7":"product_tag-uniseks","9":"first","10":"instock","11":"shipping-taxable","12":"product-type-simple"},"_links":{"self":[{"href":"https:\/\/divainers.com\/sl\/wp-json\/wp\/v2\/product\/8367","targetHints":{"allow":["GET"]}}],"collection":[{"href":"https:\/\/divainers.com\/sl\/wp-json\/wp\/v2\/product"}],"about":[{"href":"https:\/\/divainers.com\/sl\/wp-json\/wp\/v2\/types\/product"}],"replies":[{"embeddable":true,"href":"https:\/\/divainers.com\/sl\/wp-json\/wp\/v2\/comments?post=8367"}],"wp:featuredmedia":[{"embeddable":true,"href":"https:\/\/divainers.com\/sl\/wp-json\/wp\/v2\/media\/8365"}],"wp:attachment":[{"href":"https:\/\/divainers.com\/sl\/wp-json\/wp\/v2\/media?parent=8367"}],"wp:term":[{"taxonomy":"product_brand","embeddable":true,"href":"https:\/\/divainers.com\/sl\/wp-json\/wp\/v2\/product_brand?post=8367"},{"taxonomy":"product_cat","embeddable":true,"href":"https:\/\/divainers.com\/sl\/wp-json\/wp\/v2\/product_cat?post=8367"},{"taxonomy":"product_tag","embeddable":true,"href":"https:\/\/divainers.com\/sl\/wp-json\/wp\/v2\/product_tag?post=8367"}],"curies":[{"name":"wp","href":"https:\/\/api.w.org\/{rel}","templated":true}]}}