{"id":8452,"date":"2025-01-31T08:31:53","date_gmt":"2025-01-31T07:31:53","guid":{"rendered":"https:\/\/divainers.com\/producto\/divain-518\/"},"modified":"2026-04-30T09:51:15","modified_gmt":"2026-04-30T07:51:15","slug":"divain-518","status":"publish","type":"product","link":"https:\/\/divainers.com\/sl\/producto\/divain-518\/","title":{"rendered":"divain.518"},"content":{"rendered":"<p>Eksoti\u010den in objemajo\u010d vonj, ki vas popelje na \u010dutno potovanje polno topline in prefinjenosti. \u017de ob odprtju za\u010dinjena sladkost cimeta in bergamotke prebudi \u010dute s toplo in svetlo vibracijo. V srcu se elegantni \u0161opek jasmina in vrtnice zdru\u017ei z notami ylang-ylanga, kar prina\u0161a bogato in zapeljivo \u017eenstvenost. Na koncu baza vanilije, benzoja in jantarja pusti kremasto, objemajo\u010do in globoko senzualno sled. Luksuzni in magneti\u010dni parfum, idealen za tiste, ki i\u0161\u010dejo orientalsko, toplo in prefinjeno nepozabno noto.<\/p>\n","protected":false},"excerpt":{"rendered":"<p>Spominja na Jaipur znamke Boucheron<\/p>\n","protected":false},"featured_media":8450,"comment_status":"open","ping_status":"closed","template":"","meta":[],"product_brand":[],"product_cat":[1882],"product_tag":[1446],"class_list":{"0":"post-8452","1":"product","2":"type-product","3":"status-publish","4":"has-post-thumbnail","6":"product_cat-boucheron","7":"product_tag-zenske","9":"first","10":"instock","11":"shipping-taxable","12":"product-type-simple"},"_links":{"self":[{"href":"https:\/\/divainers.com\/sl\/wp-json\/wp\/v2\/product\/8452","targetHints":{"allow":["GET"]}}],"collection":[{"href":"https:\/\/divainers.com\/sl\/wp-json\/wp\/v2\/product"}],"about":[{"href":"https:\/\/divainers.com\/sl\/wp-json\/wp\/v2\/types\/product"}],"replies":[{"embeddable":true,"href":"https:\/\/divainers.com\/sl\/wp-json\/wp\/v2\/comments?post=8452"}],"wp:featuredmedia":[{"embeddable":true,"href":"https:\/\/divainers.com\/sl\/wp-json\/wp\/v2\/media\/8450"}],"wp:attachment":[{"href":"https:\/\/divainers.com\/sl\/wp-json\/wp\/v2\/media?parent=8452"}],"wp:term":[{"taxonomy":"product_brand","embeddable":true,"href":"https:\/\/divainers.com\/sl\/wp-json\/wp\/v2\/product_brand?post=8452"},{"taxonomy":"product_cat","embeddable":true,"href":"https:\/\/divainers.com\/sl\/wp-json\/wp\/v2\/product_cat?post=8452"},{"taxonomy":"product_tag","embeddable":true,"href":"https:\/\/divainers.com\/sl\/wp-json\/wp\/v2\/product_tag?post=8452"}],"curies":[{"name":"wp","href":"https:\/\/api.w.org\/{rel}","templated":true}]}}