{"id":8495,"date":"2025-01-31T08:31:54","date_gmt":"2025-01-31T07:31:54","guid":{"rendered":"https:\/\/divainers.com\/producto\/divain-060\/"},"modified":"2026-04-30T09:51:26","modified_gmt":"2026-04-30T07:51:26","slug":"divain-060","status":"publish","type":"product","link":"https:\/\/divainers.com\/sl\/producto\/divain-060\/","title":{"rendered":"divain.060"},"content":{"rendered":"<p>Sladek in o\u010darljiv vonj, ki prikli\u010de svet domi\u0161ljije in romantike. Njegov iskrivi za\u010detek s kivijem, rde\u010do li\u010di in dunjo prina\u0161a sadno in so\u010dno noto. V srcu jasmin in bela \u010dokolada ustvarjata zasvojljivo in zapeljivo kombinacijo. V bazi vanilija, mo\u0161us in kremasta lesna nota ovijejo di\u0161avo v topel in objemajo\u010d sled. Popolno za sanjavo, nagajivo \u017eensko z magi\u010dnim in neustavljivim duhom.<\/p>\n","protected":false},"excerpt":{"rendered":"<p>Spominja na Fantasy od Britney Spears<\/p>\n","protected":false},"featured_media":8491,"comment_status":"open","ping_status":"closed","template":"","meta":[],"product_brand":[],"product_cat":[1904],"product_tag":[1446],"class_list":{"0":"post-8495","1":"product","2":"type-product","3":"status-publish","4":"has-post-thumbnail","6":"product_cat-britney-spears","7":"product_tag-zenske","9":"first","10":"instock","11":"shipping-taxable","12":"product-type-simple"},"_links":{"self":[{"href":"https:\/\/divainers.com\/sl\/wp-json\/wp\/v2\/product\/8495","targetHints":{"allow":["GET"]}}],"collection":[{"href":"https:\/\/divainers.com\/sl\/wp-json\/wp\/v2\/product"}],"about":[{"href":"https:\/\/divainers.com\/sl\/wp-json\/wp\/v2\/types\/product"}],"replies":[{"embeddable":true,"href":"https:\/\/divainers.com\/sl\/wp-json\/wp\/v2\/comments?post=8495"}],"wp:featuredmedia":[{"embeddable":true,"href":"https:\/\/divainers.com\/sl\/wp-json\/wp\/v2\/media\/8491"}],"wp:attachment":[{"href":"https:\/\/divainers.com\/sl\/wp-json\/wp\/v2\/media?parent=8495"}],"wp:term":[{"taxonomy":"product_brand","embeddable":true,"href":"https:\/\/divainers.com\/sl\/wp-json\/wp\/v2\/product_brand?post=8495"},{"taxonomy":"product_cat","embeddable":true,"href":"https:\/\/divainers.com\/sl\/wp-json\/wp\/v2\/product_cat?post=8495"},{"taxonomy":"product_tag","embeddable":true,"href":"https:\/\/divainers.com\/sl\/wp-json\/wp\/v2\/product_tag?post=8495"}],"curies":[{"name":"wp","href":"https:\/\/api.w.org\/{rel}","templated":true}]}}