{"id":8577,"date":"2025-06-02T11:17:25","date_gmt":"2025-06-02T09:17:25","guid":{"rendered":"https:\/\/divainers.com\/producto\/divain-469\/"},"modified":"2026-04-30T09:51:51","modified_gmt":"2026-04-30T07:51:51","slug":"divain-469","status":"publish","type":"product","link":"https:\/\/divainers.com\/sl\/producto\/divain-469\/","title":{"rendered":"divain.469"},"content":{"rendered":"<p>Intenzivna in sofisticirana di\u0161ava, ki zdru\u017euje za\u010dinjeno toplino z globokim in elegantnim zna\u010dajem. Njena magnetna in objemajo\u010da prisotnost jo naredi idealno za tiste, ki i\u0161\u010dejo izrazito esenco, ki odra\u017ea mo\u010d in karizmo.<\/p>\n","protected":false},"excerpt":{"rendered":"<p>Spominja na Bvlgari Manin Black de Bvlgari<\/p>\n","protected":false},"featured_media":3860,"comment_status":"closed","ping_status":"closed","template":"","meta":[],"product_brand":[],"product_cat":[1943],"product_tag":[1367],"class_list":{"0":"post-8577","1":"product","2":"type-product","3":"status-publish","4":"has-post-thumbnail","6":"product_cat-bvlgari","7":"product_tag-moski","9":"first","10":"instock","11":"shipping-taxable","12":"product-type-simple"},"_links":{"self":[{"href":"https:\/\/divainers.com\/sl\/wp-json\/wp\/v2\/product\/8577","targetHints":{"allow":["GET"]}}],"collection":[{"href":"https:\/\/divainers.com\/sl\/wp-json\/wp\/v2\/product"}],"about":[{"href":"https:\/\/divainers.com\/sl\/wp-json\/wp\/v2\/types\/product"}],"replies":[{"embeddable":true,"href":"https:\/\/divainers.com\/sl\/wp-json\/wp\/v2\/comments?post=8577"}],"wp:featuredmedia":[{"embeddable":true,"href":"https:\/\/divainers.com\/sl\/wp-json\/wp\/v2\/media\/3860"}],"wp:attachment":[{"href":"https:\/\/divainers.com\/sl\/wp-json\/wp\/v2\/media?parent=8577"}],"wp:term":[{"taxonomy":"product_brand","embeddable":true,"href":"https:\/\/divainers.com\/sl\/wp-json\/wp\/v2\/product_brand?post=8577"},{"taxonomy":"product_cat","embeddable":true,"href":"https:\/\/divainers.com\/sl\/wp-json\/wp\/v2\/product_cat?post=8577"},{"taxonomy":"product_tag","embeddable":true,"href":"https:\/\/divainers.com\/sl\/wp-json\/wp\/v2\/product_tag?post=8577"}],"curies":[{"name":"wp","href":"https:\/\/api.w.org\/{rel}","templated":true}]}}