{"id":8665,"date":"2025-01-31T08:33:38","date_gmt":"2025-01-31T07:33:38","guid":{"rendered":"https:\/\/divainers.com\/producto\/divain-659\/"},"modified":"2026-04-30T09:52:25","modified_gmt":"2026-04-30T07:52:25","slug":"divain-659","status":"publish","type":"product","link":"https:\/\/divainers.com\/sl\/producto\/divain-659\/","title":{"rendered":"divain.659"},"content":{"rendered":"<p>Di\u0161ava, ki prekipeva od senzualnosti in skrivnosti, popolna za \u017eensko, ki \u017eeli o\u010darati z edinstveno sledjo. Za\u010dne se s sadno in so\u010dno me\u0161anico, kjer note slive in maline dodajo sladko sve\u017eino, spremlja pa jo ne\u017een cvetli\u010dni pridih. Srce se napolni z ne\u017enim akordom eksoti\u010dnih cvetov, kot je jasmin, ki prina\u0161a \u017eenstveno in objemajo\u010do senzualnost. Na koncu osnovne note sandalovine in mo\u0161usa ustvarijo toplo in zemeljsko podlago, ki pu\u0161\u010da ob\u010dutek mehkobe in globine, ki traja.<\/p>\n","protected":false},"excerpt":{"rendered":"<p>Spominja na Forbidden znamke Victoria&#8217;s Secret<\/p>\n","protected":false},"featured_media":8661,"comment_status":"open","ping_status":"closed","template":"","meta":[],"product_brand":[],"product_cat":[1988],"product_tag":[1446],"class_list":{"0":"post-8665","1":"product","2":"type-product","3":"status-publish","4":"has-post-thumbnail","6":"product_cat-victorias-secret","7":"product_tag-zenske","9":"first","10":"instock","11":"shipping-taxable","12":"product-type-simple"},"_links":{"self":[{"href":"https:\/\/divainers.com\/sl\/wp-json\/wp\/v2\/product\/8665","targetHints":{"allow":["GET"]}}],"collection":[{"href":"https:\/\/divainers.com\/sl\/wp-json\/wp\/v2\/product"}],"about":[{"href":"https:\/\/divainers.com\/sl\/wp-json\/wp\/v2\/types\/product"}],"replies":[{"embeddable":true,"href":"https:\/\/divainers.com\/sl\/wp-json\/wp\/v2\/comments?post=8665"}],"wp:featuredmedia":[{"embeddable":true,"href":"https:\/\/divainers.com\/sl\/wp-json\/wp\/v2\/media\/8661"}],"wp:attachment":[{"href":"https:\/\/divainers.com\/sl\/wp-json\/wp\/v2\/media?parent=8665"}],"wp:term":[{"taxonomy":"product_brand","embeddable":true,"href":"https:\/\/divainers.com\/sl\/wp-json\/wp\/v2\/product_brand?post=8665"},{"taxonomy":"product_cat","embeddable":true,"href":"https:\/\/divainers.com\/sl\/wp-json\/wp\/v2\/product_cat?post=8665"},{"taxonomy":"product_tag","embeddable":true,"href":"https:\/\/divainers.com\/sl\/wp-json\/wp\/v2\/product_tag?post=8665"}],"curies":[{"name":"wp","href":"https:\/\/api.w.org\/{rel}","templated":true}]}}