{"id":880,"date":"2025-01-31T08:32:57","date_gmt":"2025-01-31T07:32:57","guid":{"rendered":"https:\/\/divainers.com\/producto\/divain-405\/"},"modified":"2026-03-16T16:08:00","modified_gmt":"2026-03-16T15:08:00","slug":"divain-405","status":"publish","type":"product","link":"https:\/\/divainers.com\/sl\/producto\/divain-405\/","title":{"rendered":"divain.405"},"content":{"rendered":"<p>Una fragancia c\u00e1lida y enigm\u00e1tica donde la madera de s\u00e1ndalo cremosa se funde con un toque especiado de cardamomo y matices almizclados. Su esencia misteriosa y sofisticada evoca la libertad de lo desconocido, dejando una estela envolvente y elegante.<\/p>\n","protected":false},"excerpt":{"rendered":"<p>Recuerda a Au Hasard de Louis Vuitton<\/p>\n","protected":false},"featured_media":4468,"comment_status":"open","ping_status":"closed","template":"","meta":[],"product_brand":[],"product_cat":[651],"product_tag":[25],"class_list":{"0":"post-880","1":"product","2":"type-product","3":"status-publish","4":"has-post-thumbnail","6":"product_cat-louis-vuitton","7":"product_tag-hombre","9":"first","10":"instock","11":"shipping-taxable","12":"product-type-simple"},"_links":{"self":[{"href":"https:\/\/divainers.com\/sl\/wp-json\/wp\/v2\/product\/880","targetHints":{"allow":["GET"]}}],"collection":[{"href":"https:\/\/divainers.com\/sl\/wp-json\/wp\/v2\/product"}],"about":[{"href":"https:\/\/divainers.com\/sl\/wp-json\/wp\/v2\/types\/product"}],"replies":[{"embeddable":true,"href":"https:\/\/divainers.com\/sl\/wp-json\/wp\/v2\/comments?post=880"}],"wp:featuredmedia":[{"embeddable":true,"href":"https:\/\/divainers.com\/sl\/wp-json\/wp\/v2\/media\/4468"}],"wp:attachment":[{"href":"https:\/\/divainers.com\/sl\/wp-json\/wp\/v2\/media?parent=880"}],"wp:term":[{"taxonomy":"product_brand","embeddable":true,"href":"https:\/\/divainers.com\/sl\/wp-json\/wp\/v2\/product_brand?post=880"},{"taxonomy":"product_cat","embeddable":true,"href":"https:\/\/divainers.com\/sl\/wp-json\/wp\/v2\/product_cat?post=880"},{"taxonomy":"product_tag","embeddable":true,"href":"https:\/\/divainers.com\/sl\/wp-json\/wp\/v2\/product_tag?post=880"}],"curies":[{"name":"wp","href":"https:\/\/api.w.org\/{rel}","templated":true}]}}