{"id":9195,"date":"2025-01-31T08:33:39","date_gmt":"2025-01-31T07:33:39","guid":{"rendered":"https:\/\/divainers.com\/producto\/divain-100\/"},"modified":"2026-04-30T09:54:44","modified_gmt":"2026-04-30T07:54:44","slug":"divain-100","status":"publish","type":"product","link":"https:\/\/divainers.com\/sl\/producto\/divain-100\/","title":{"rendered":"divain.100"},"content":{"rendered":"<p>\u010cista in naravna di\u0161ava, ki prikli\u010de sve\u017eino jutra in ne\u017enost narave. Njena svetla otvoritev citrusov in zelenih listov prina\u0161a osve\u017eujo\u010d in lahek ob\u010dutek. V srcu cvetli\u010dni \u0161opek jasmina, vrtnice in zvon\u010dka ovije di\u0161avo z mehko in elegantno \u017eenstvenostjo. V bazi mo\u0161us in cedar ustvarjata topel in objemajo\u010d sled, popoln za romanti\u010dno, mirno \u017eensko z ne\u017enim \u010darom, ki pu\u0161\u010da vtis.<\/p>\n","protected":false},"excerpt":{"rendered":"<p>Spominja na Agua de Rocio znamke Victorio &#038; Lucchino<\/p>\n","protected":false},"featured_media":9192,"comment_status":"open","ping_status":"closed","template":"","meta":[],"product_brand":[],"product_cat":[2241],"product_tag":[1446],"class_list":{"0":"post-9195","1":"product","2":"type-product","3":"status-publish","4":"has-post-thumbnail","6":"product_cat-victorio-lucchino","7":"product_tag-zenske","9":"first","10":"instock","11":"shipping-taxable","12":"product-type-simple"},"_links":{"self":[{"href":"https:\/\/divainers.com\/sl\/wp-json\/wp\/v2\/product\/9195","targetHints":{"allow":["GET"]}}],"collection":[{"href":"https:\/\/divainers.com\/sl\/wp-json\/wp\/v2\/product"}],"about":[{"href":"https:\/\/divainers.com\/sl\/wp-json\/wp\/v2\/types\/product"}],"replies":[{"embeddable":true,"href":"https:\/\/divainers.com\/sl\/wp-json\/wp\/v2\/comments?post=9195"}],"wp:featuredmedia":[{"embeddable":true,"href":"https:\/\/divainers.com\/sl\/wp-json\/wp\/v2\/media\/9192"}],"wp:attachment":[{"href":"https:\/\/divainers.com\/sl\/wp-json\/wp\/v2\/media?parent=9195"}],"wp:term":[{"taxonomy":"product_brand","embeddable":true,"href":"https:\/\/divainers.com\/sl\/wp-json\/wp\/v2\/product_brand?post=9195"},{"taxonomy":"product_cat","embeddable":true,"href":"https:\/\/divainers.com\/sl\/wp-json\/wp\/v2\/product_cat?post=9195"},{"taxonomy":"product_tag","embeddable":true,"href":"https:\/\/divainers.com\/sl\/wp-json\/wp\/v2\/product_tag?post=9195"}],"curies":[{"name":"wp","href":"https:\/\/api.w.org\/{rel}","templated":true}]}}