{"id":9377,"date":"2025-08-29T08:51:38","date_gmt":"2025-08-29T06:51:38","guid":{"rendered":"https:\/\/divainers.com\/producto\/divain-1063\/"},"modified":"2026-04-30T09:55:13","modified_gmt":"2026-04-30T07:55:13","slug":"divain-1063","status":"publish","type":"product","link":"https:\/\/divainers.com\/sl\/producto\/divain-1063\/","title":{"rendered":"divain.1063"},"content":{"rendered":"<p>Iz\u017eare so\u010dno in svetlo sve\u017eino, z ne\u017enim in elegantnim zna\u010dajem, ki prebudi vitalnost in veselje. \u017divahna in prefinjena di\u0161ava, idealna za tiste, ki i\u0161\u010dejo iskricen in naraven pridih v svojem slogu.<\/p>\n","protected":false},"excerpt":{"rendered":"<p>Spominja na Fragaria znamke Creed<\/p>\n","protected":false},"featured_media":4139,"comment_status":"open","ping_status":"closed","template":"","meta":[],"product_brand":[],"product_cat":[2276],"product_tag":[1442],"class_list":{"0":"post-9377","1":"product","2":"type-product","3":"status-publish","4":"has-post-thumbnail","6":"product_cat-creed","7":"product_tag-kobiety","9":"first","10":"instock","11":"shipping-taxable","12":"product-type-simple"},"_links":{"self":[{"href":"https:\/\/divainers.com\/sl\/wp-json\/wp\/v2\/product\/9377","targetHints":{"allow":["GET"]}}],"collection":[{"href":"https:\/\/divainers.com\/sl\/wp-json\/wp\/v2\/product"}],"about":[{"href":"https:\/\/divainers.com\/sl\/wp-json\/wp\/v2\/types\/product"}],"replies":[{"embeddable":true,"href":"https:\/\/divainers.com\/sl\/wp-json\/wp\/v2\/comments?post=9377"}],"wp:featuredmedia":[{"embeddable":true,"href":"https:\/\/divainers.com\/sl\/wp-json\/wp\/v2\/media\/4139"}],"wp:attachment":[{"href":"https:\/\/divainers.com\/sl\/wp-json\/wp\/v2\/media?parent=9377"}],"wp:term":[{"taxonomy":"product_brand","embeddable":true,"href":"https:\/\/divainers.com\/sl\/wp-json\/wp\/v2\/product_brand?post=9377"},{"taxonomy":"product_cat","embeddable":true,"href":"https:\/\/divainers.com\/sl\/wp-json\/wp\/v2\/product_cat?post=9377"},{"taxonomy":"product_tag","embeddable":true,"href":"https:\/\/divainers.com\/sl\/wp-json\/wp\/v2\/product_tag?post=9377"}],"curies":[{"name":"wp","href":"https:\/\/api.w.org\/{rel}","templated":true}]}}