{"id":943,"date":"2025-01-31T08:33:05","date_gmt":"2025-01-31T07:33:05","guid":{"rendered":"https:\/\/divainers.com\/producto\/divain-684\/"},"modified":"2026-03-16T16:08:07","modified_gmt":"2026-03-16T15:08:07","slug":"divain-684","status":"publish","type":"product","link":"https:\/\/divainers.com\/sl\/producto\/divain-684\/","title":{"rendered":"divain.684"},"content":{"rendered":"<p>Intense Caf\u00e9 es una fragancia rica y envolvente, donde la dulzura de un caf\u00e9 reci\u00e9n hecho se encuentra con la calidez de las flores y la suavidad de la vainilla. En su apertura, el aroma a caf\u00e9 es audaz y directo, pero no se queda ah\u00ed: se suaviza r\u00e1pidamente con la cremosidad de la rosa, creando una fusi\u00f3n sensual y sofisticada. La vainilla aporta una dulzura reconfortante que se balancea perfectamente con el toque especiado de \u00e1mbar y almizcle. Este perfume es envolvente y adictivo, ideal para quienes buscan una fragancia intensa y sofisticada que deje una estela c\u00e1lida y acogedora, perfecta para la noche o para momentos especiales.<\/p>\n","protected":false},"excerpt":{"rendered":"<p>Recuerda a Intense Caf\u00e9 de Montale<\/p>\n","protected":false},"featured_media":3116,"comment_status":"open","ping_status":"closed","template":"","meta":[],"product_brand":[],"product_cat":[725],"product_tag":[1404],"class_list":{"0":"post-943","1":"product","2":"type-product","3":"status-publish","4":"has-post-thumbnail","6":"product_cat-montale","7":"product_tag-unisex","9":"first","10":"instock","11":"shipping-taxable","12":"product-type-simple"},"_links":{"self":[{"href":"https:\/\/divainers.com\/sl\/wp-json\/wp\/v2\/product\/943","targetHints":{"allow":["GET"]}}],"collection":[{"href":"https:\/\/divainers.com\/sl\/wp-json\/wp\/v2\/product"}],"about":[{"href":"https:\/\/divainers.com\/sl\/wp-json\/wp\/v2\/types\/product"}],"replies":[{"embeddable":true,"href":"https:\/\/divainers.com\/sl\/wp-json\/wp\/v2\/comments?post=943"}],"wp:featuredmedia":[{"embeddable":true,"href":"https:\/\/divainers.com\/sl\/wp-json\/wp\/v2\/media\/3116"}],"wp:attachment":[{"href":"https:\/\/divainers.com\/sl\/wp-json\/wp\/v2\/media?parent=943"}],"wp:term":[{"taxonomy":"product_brand","embeddable":true,"href":"https:\/\/divainers.com\/sl\/wp-json\/wp\/v2\/product_brand?post=943"},{"taxonomy":"product_cat","embeddable":true,"href":"https:\/\/divainers.com\/sl\/wp-json\/wp\/v2\/product_cat?post=943"},{"taxonomy":"product_tag","embeddable":true,"href":"https:\/\/divainers.com\/sl\/wp-json\/wp\/v2\/product_tag?post=943"}],"curies":[{"name":"wp","href":"https:\/\/api.w.org\/{rel}","templated":true}]}}