{"id":9459,"date":"2025-01-31T08:32:10","date_gmt":"2025-01-31T07:32:10","guid":{"rendered":"https:\/\/divainers.com\/producto\/divain-935\/"},"modified":"2026-04-30T09:55:38","modified_gmt":"2026-04-30T07:55:38","slug":"divain-935","status":"publish","type":"product","link":"https:\/\/divainers.com\/sl\/producto\/divain-935\/","title":{"rendered":"divain.935"},"content":{"rendered":"<p>\u017divahna in iskriva di\u0161ava, ki prebudi \u010dute z eksplozijo sve\u017eine in energije. \u017de ob odprtju se citrusne note pomaran\u010de in limone zdru\u017eijo z kan\u010dkom mandarine, kar ustvarja ob\u010dutek svetlobe in vitalnosti, kot son\u010dni \u017earek na son\u010den dan. Ko se di\u0161ava razvija, ne\u017eni cvetli\u010dni akordi jasmina in vrtnic dodajo \u017eenstveno ne\u017enost, medtem ko topla baza mo\u0161usa in cedre zagotavlja lesno podlago, ki uravnote\u017ei sve\u017eino in mehkobo. Ta parfum je popoln za tiste, ki i\u0161\u010dejo osve\u017eujo\u010do in veselo vonjno izku\u0161njo, ki pu\u0161\u010da rahel, sve\u017e in poln vitalnosti sled, idealen za trenutke svobode in optimizma.<\/p>\n","protected":false},"excerpt":{"rendered":"<p>Spominja na Chispas de Dana<\/p>\n","protected":false},"featured_media":3215,"comment_status":"open","ping_status":"closed","template":"","meta":[],"product_brand":[],"product_cat":[2342],"product_tag":[2343],"class_list":{"0":"post-9459","1":"product","2":"type-product","3":"status-publish","4":"has-post-thumbnail","6":"product_cat-dana","7":"product_tag-ninos-y-ninas","9":"first","10":"instock","11":"shipping-taxable","12":"product-type-simple"},"_links":{"self":[{"href":"https:\/\/divainers.com\/sl\/wp-json\/wp\/v2\/product\/9459","targetHints":{"allow":["GET"]}}],"collection":[{"href":"https:\/\/divainers.com\/sl\/wp-json\/wp\/v2\/product"}],"about":[{"href":"https:\/\/divainers.com\/sl\/wp-json\/wp\/v2\/types\/product"}],"replies":[{"embeddable":true,"href":"https:\/\/divainers.com\/sl\/wp-json\/wp\/v2\/comments?post=9459"}],"wp:featuredmedia":[{"embeddable":true,"href":"https:\/\/divainers.com\/sl\/wp-json\/wp\/v2\/media\/3215"}],"wp:attachment":[{"href":"https:\/\/divainers.com\/sl\/wp-json\/wp\/v2\/media?parent=9459"}],"wp:term":[{"taxonomy":"product_brand","embeddable":true,"href":"https:\/\/divainers.com\/sl\/wp-json\/wp\/v2\/product_brand?post=9459"},{"taxonomy":"product_cat","embeddable":true,"href":"https:\/\/divainers.com\/sl\/wp-json\/wp\/v2\/product_cat?post=9459"},{"taxonomy":"product_tag","embeddable":true,"href":"https:\/\/divainers.com\/sl\/wp-json\/wp\/v2\/product_tag?post=9459"}],"curies":[{"name":"wp","href":"https:\/\/api.w.org\/{rel}","templated":true}]}}