{"id":995,"date":"2025-01-31T08:33:13","date_gmt":"2025-01-31T07:33:13","guid":{"rendered":"https:\/\/divainers.com\/producto\/divain-1008\/"},"modified":"2026-03-16T16:08:11","modified_gmt":"2026-03-16T15:08:11","slug":"divain-1008","status":"publish","type":"product","link":"https:\/\/divainers.com\/sl\/producto\/divain-1008\/","title":{"rendered":"divain.1008"},"content":{"rendered":"<p>\u200b<span class=\"relative -mx-px my-[-0.2rem] rounded px-px py-[0.2rem]\">Imagina una fragancia que combina notas c\u00edtricas y afrutadas con una base floral y amaderada, creando una experiencia olfativa fresca y sofisticada.<\/span> <span class=\"relative -mx-px my-[-0.2rem] rounded px-px py-[0.2rem]\">Esta esencia comienza con una apertura de pomelo, pi\u00f1a, bergamota, naranja y rosa, ofreciendo una sensaci\u00f3n de vitalidad y frescura.<\/span> <span class=\"relative -mx-px my-[-0.2rem] rounded px-px py-[0.2rem]\">En el coraz\u00f3n, notas de fresia, manzana roja, loto, jacinto, gardenia, lirio de los valles, violeta y ra\u00edz de lirio aportan una complejidad floral que enriquece la composici\u00f3n.<\/span> <span class=\"relative -mx-px my-[-0.2rem] rounded px-px py-[0.2rem]\">La base de pachul\u00ed, madera de cedro, almizcle, \u00e1mbar, incienso y pino a\u00f1ade profundidad y calidez, completando esta fragancia equilibrada y vers\u00e1til.<\/span><\/p>\n","protected":false},"excerpt":{"rendered":"<p>Recuerda a DIVAIN-1008 de Oriental Perfume<\/p>\n","protected":false},"featured_media":2654,"comment_status":"open","ping_status":"closed","template":"","meta":[],"product_brand":[],"product_cat":[313],"product_tag":[1404],"class_list":{"0":"post-995","1":"product","2":"type-product","3":"status-publish","4":"has-post-thumbnail","6":"product_cat-divain-original","7":"product_tag-unisex","9":"first","10":"instock","11":"shipping-taxable","12":"product-type-simple"},"_links":{"self":[{"href":"https:\/\/divainers.com\/sl\/wp-json\/wp\/v2\/product\/995","targetHints":{"allow":["GET"]}}],"collection":[{"href":"https:\/\/divainers.com\/sl\/wp-json\/wp\/v2\/product"}],"about":[{"href":"https:\/\/divainers.com\/sl\/wp-json\/wp\/v2\/types\/product"}],"replies":[{"embeddable":true,"href":"https:\/\/divainers.com\/sl\/wp-json\/wp\/v2\/comments?post=995"}],"wp:featuredmedia":[{"embeddable":true,"href":"https:\/\/divainers.com\/sl\/wp-json\/wp\/v2\/media\/2654"}],"wp:attachment":[{"href":"https:\/\/divainers.com\/sl\/wp-json\/wp\/v2\/media?parent=995"}],"wp:term":[{"taxonomy":"product_brand","embeddable":true,"href":"https:\/\/divainers.com\/sl\/wp-json\/wp\/v2\/product_brand?post=995"},{"taxonomy":"product_cat","embeddable":true,"href":"https:\/\/divainers.com\/sl\/wp-json\/wp\/v2\/product_cat?post=995"},{"taxonomy":"product_tag","embeddable":true,"href":"https:\/\/divainers.com\/sl\/wp-json\/wp\/v2\/product_tag?post=995"}],"curies":[{"name":"wp","href":"https:\/\/api.w.org\/{rel}","templated":true}]}}