{"id":1006,"date":"2025-01-31T08:33:14","date_gmt":"2025-01-31T07:33:14","guid":{"rendered":"https:\/\/divainers.com\/producto\/divain-081\/"},"modified":"2026-03-16T16:08:13","modified_gmt":"2026-03-16T15:08:13","slug":"divain-081","status":"publish","type":"product","link":"https:\/\/divainers.com\/sv\/producto\/divain-081\/","title":{"rendered":"divain.081"},"content":{"rendered":"<p>Un aroma futurista y enigm\u00e1tico que combina sensualidad y frescura en una composici\u00f3n \u00fanica. Su apertura vibrante de pimienta rosa y albaricoque aporta un toque especiado y afrutado, intrigante y sofisticado. En el coraz\u00f3n, la violeta y la osmanto crean una feminidad empolvada y envolvente. En el fondo, el \u00e1mbar, la vainilla y el pachul\u00ed dejan una estela c\u00e1lida y magn\u00e9tica, perfecta para la mujer audaz, misteriosa y con un magnetismo irresistible.<\/p>\n","protected":false},"excerpt":{"rendered":"<p>Recuerda a ultraviolet women de Paco Rabanne<\/p>\n","protected":false},"featured_media":3596,"comment_status":"open","ping_status":"closed","template":"","meta":[],"product_brand":[],"product_cat":[802],"product_tag":[1424],"class_list":{"0":"post-1006","1":"product","2":"type-product","3":"status-publish","4":"has-post-thumbnail","6":"product_cat-paco-rabanne","7":"product_tag-femmes","9":"first","10":"instock","11":"shipping-taxable","12":"product-type-simple"},"_links":{"self":[{"href":"https:\/\/divainers.com\/sv\/wp-json\/wp\/v2\/product\/1006","targetHints":{"allow":["GET"]}}],"collection":[{"href":"https:\/\/divainers.com\/sv\/wp-json\/wp\/v2\/product"}],"about":[{"href":"https:\/\/divainers.com\/sv\/wp-json\/wp\/v2\/types\/product"}],"replies":[{"embeddable":true,"href":"https:\/\/divainers.com\/sv\/wp-json\/wp\/v2\/comments?post=1006"}],"wp:featuredmedia":[{"embeddable":true,"href":"https:\/\/divainers.com\/sv\/wp-json\/wp\/v2\/media\/3596"}],"wp:attachment":[{"href":"https:\/\/divainers.com\/sv\/wp-json\/wp\/v2\/media?parent=1006"}],"wp:term":[{"taxonomy":"product_brand","embeddable":true,"href":"https:\/\/divainers.com\/sv\/wp-json\/wp\/v2\/product_brand?post=1006"},{"taxonomy":"product_cat","embeddable":true,"href":"https:\/\/divainers.com\/sv\/wp-json\/wp\/v2\/product_cat?post=1006"},{"taxonomy":"product_tag","embeddable":true,"href":"https:\/\/divainers.com\/sv\/wp-json\/wp\/v2\/product_tag?post=1006"}],"curies":[{"name":"wp","href":"https:\/\/api.w.org\/{rel}","templated":true}]}}