{"id":10721,"date":"2025-01-31T08:32:35","date_gmt":"2025-01-31T07:32:35","guid":{"rendered":"https:\/\/divainers.com\/producto\/divain-383\/"},"modified":"2026-04-30T10:46:55","modified_gmt":"2026-04-30T08:46:55","slug":"divain-383","status":"publish","type":"product","link":"https:\/\/divainers.com\/sv\/producto\/divain-383\/","title":{"rendered":"divain.383"},"content":{"rendered":"<p>En dj\u00e4rv och f\u00f6rf\u00f6risk kombination d\u00e4r aromatisk lavendel sm\u00e4lter samman med tr\u00e4iga toner och en kryddig bas. Dess djupa och l\u00e4tt s\u00f6ta karakt\u00e4r ger en modern k\u00e4nsla utan att f\u00f6rlora sin klassiska och maskulina essens.<\/p>\n","protected":false},"excerpt":{"rendered":"<p>P\u00e5minner om Drakkar Intense de Guy Laroche<\/p>\n","protected":false},"featured_media":10718,"comment_status":"open","ping_status":"closed","template":"","meta":[],"product_brand":[],"product_cat":[2935],"product_tag":[1362],"class_list":{"0":"post-10721","1":"product","2":"type-product","3":"status-publish","4":"has-post-thumbnail","6":"product_cat-guy-laroche","7":"product_tag-man","9":"first","10":"instock","11":"shipping-taxable","12":"product-type-simple"},"_links":{"self":[{"href":"https:\/\/divainers.com\/sv\/wp-json\/wp\/v2\/product\/10721","targetHints":{"allow":["GET"]}}],"collection":[{"href":"https:\/\/divainers.com\/sv\/wp-json\/wp\/v2\/product"}],"about":[{"href":"https:\/\/divainers.com\/sv\/wp-json\/wp\/v2\/types\/product"}],"replies":[{"embeddable":true,"href":"https:\/\/divainers.com\/sv\/wp-json\/wp\/v2\/comments?post=10721"}],"wp:featuredmedia":[{"embeddable":true,"href":"https:\/\/divainers.com\/sv\/wp-json\/wp\/v2\/media\/10718"}],"wp:attachment":[{"href":"https:\/\/divainers.com\/sv\/wp-json\/wp\/v2\/media?parent=10721"}],"wp:term":[{"taxonomy":"product_brand","embeddable":true,"href":"https:\/\/divainers.com\/sv\/wp-json\/wp\/v2\/product_brand?post=10721"},{"taxonomy":"product_cat","embeddable":true,"href":"https:\/\/divainers.com\/sv\/wp-json\/wp\/v2\/product_cat?post=10721"},{"taxonomy":"product_tag","embeddable":true,"href":"https:\/\/divainers.com\/sv\/wp-json\/wp\/v2\/product_tag?post=10721"}],"curies":[{"name":"wp","href":"https:\/\/api.w.org\/{rel}","templated":true}]}}