{"id":1087,"date":"2025-01-31T08:33:24","date_gmt":"2025-01-31T07:33:24","guid":{"rendered":"https:\/\/divainers.com\/producto\/divain-013\/"},"modified":"2026-03-16T16:08:19","modified_gmt":"2026-03-16T15:08:19","slug":"divain-013","status":"publish","type":"product","link":"https:\/\/divainers.com\/sv\/producto\/divain-013\/","title":{"rendered":"divain.013"},"content":{"rendered":"<p>Un aroma original y seductor que juega con contrastes inesperados entre frescura y calidez envolvente. Su salida vibrante de lavanda y bergamota da paso a un coraz\u00f3n adictivo de caf\u00e9 y frambuesa, creando una combinaci\u00f3n dulce y especiada con un toque moderno. En el fondo, la vainilla, el \u00e1mbar y las maderas aportan profundidad y sensualidad, dejando una estela cremosa e irresistible. Perfecto para quienes buscan un perfume elegante, sofisticado y con un sello inconfundible de personalidad.<\/p>\n","protected":false},"excerpt":{"rendered":"<p>Recuerda a Rochas Man de Rochas<\/p>\n","protected":false},"featured_media":3442,"comment_status":"open","ping_status":"closed","template":"","meta":[],"product_brand":[],"product_cat":[898],"product_tag":[1343],"class_list":{"0":"post-1087","1":"product","2":"type-product","3":"status-publish","4":"has-post-thumbnail","6":"product_cat-rochas","7":"product_tag-hommes","9":"first","10":"instock","11":"shipping-taxable","12":"product-type-simple"},"_links":{"self":[{"href":"https:\/\/divainers.com\/sv\/wp-json\/wp\/v2\/product\/1087","targetHints":{"allow":["GET"]}}],"collection":[{"href":"https:\/\/divainers.com\/sv\/wp-json\/wp\/v2\/product"}],"about":[{"href":"https:\/\/divainers.com\/sv\/wp-json\/wp\/v2\/types\/product"}],"replies":[{"embeddable":true,"href":"https:\/\/divainers.com\/sv\/wp-json\/wp\/v2\/comments?post=1087"}],"wp:featuredmedia":[{"embeddable":true,"href":"https:\/\/divainers.com\/sv\/wp-json\/wp\/v2\/media\/3442"}],"wp:attachment":[{"href":"https:\/\/divainers.com\/sv\/wp-json\/wp\/v2\/media?parent=1087"}],"wp:term":[{"taxonomy":"product_brand","embeddable":true,"href":"https:\/\/divainers.com\/sv\/wp-json\/wp\/v2\/product_brand?post=1087"},{"taxonomy":"product_cat","embeddable":true,"href":"https:\/\/divainers.com\/sv\/wp-json\/wp\/v2\/product_cat?post=1087"},{"taxonomy":"product_tag","embeddable":true,"href":"https:\/\/divainers.com\/sv\/wp-json\/wp\/v2\/product_tag?post=1087"}],"curies":[{"name":"wp","href":"https:\/\/api.w.org\/{rel}","templated":true}]}}