{"id":11308,"date":"2025-01-31T08:33:26","date_gmt":"2025-01-31T07:33:26","guid":{"rendered":"https:\/\/divainers.com\/producto\/divain-544\/"},"modified":"2026-04-30T10:50:11","modified_gmt":"2026-04-30T08:50:11","slug":"divain-544","status":"publish","type":"product","link":"https:\/\/divainers.com\/sv\/producto\/divain-544\/","title":{"rendered":"divain.544"},"content":{"rendered":"<p>En delikat och ljus doft som framkallar den subtila elegansen och friskheten hos en dyrbar juvel. Fr\u00e5n \u00f6ppningen v\u00e4cker en blandning av f\u00e4rska citrusfrukter och gr\u00f6na blad sinnena med en vibrerande och uppfriskande k\u00e4nsla. I hj\u00e4rtat finns en blommig bukett av ros, jasmin och liljekonvalj som ger en mjuk och f\u00f6rfinad kvinnlighet, medan en touch av hallon tillf\u00f6r en l\u00e4tt och fruktig s\u00f6tma. Slutligen l\u00e4mnar en bas av mysk, cedertr\u00e4 och vanilj en varm, omslutande och sensuell doftsp\u00e5r. En idealisk parfym f\u00f6r dem som s\u00f6ker en frisk, blommig och elegant doft, perfekt f\u00f6r vardagsbruk eller speciella tillf\u00e4llen fyllda med ljus och grace.<\/p>\n","protected":false},"excerpt":{"rendered":"<p>P\u00e5minner om Aura av Swarovski<\/p>\n","protected":false},"featured_media":11307,"comment_status":"open","ping_status":"closed","template":"","meta":[],"product_brand":[],"product_cat":[3227],"product_tag":[1439],"class_list":{"0":"post-11308","1":"product","2":"type-product","3":"status-publish","4":"has-post-thumbnail","6":"product_cat-swarovski","7":"product_tag-kvinnor","9":"first","10":"instock","11":"shipping-taxable","12":"product-type-simple"},"_links":{"self":[{"href":"https:\/\/divainers.com\/sv\/wp-json\/wp\/v2\/product\/11308","targetHints":{"allow":["GET"]}}],"collection":[{"href":"https:\/\/divainers.com\/sv\/wp-json\/wp\/v2\/product"}],"about":[{"href":"https:\/\/divainers.com\/sv\/wp-json\/wp\/v2\/types\/product"}],"replies":[{"embeddable":true,"href":"https:\/\/divainers.com\/sv\/wp-json\/wp\/v2\/comments?post=11308"}],"wp:featuredmedia":[{"embeddable":true,"href":"https:\/\/divainers.com\/sv\/wp-json\/wp\/v2\/media\/11307"}],"wp:attachment":[{"href":"https:\/\/divainers.com\/sv\/wp-json\/wp\/v2\/media?parent=11308"}],"wp:term":[{"taxonomy":"product_brand","embeddable":true,"href":"https:\/\/divainers.com\/sv\/wp-json\/wp\/v2\/product_brand?post=11308"},{"taxonomy":"product_cat","embeddable":true,"href":"https:\/\/divainers.com\/sv\/wp-json\/wp\/v2\/product_cat?post=11308"},{"taxonomy":"product_tag","embeddable":true,"href":"https:\/\/divainers.com\/sv\/wp-json\/wp\/v2\/product_tag?post=11308"}],"curies":[{"name":"wp","href":"https:\/\/api.w.org\/{rel}","templated":true}]}}