{"id":1141,"date":"2025-01-31T08:33:31","date_gmt":"2025-01-31T07:33:31","guid":{"rendered":"https:\/\/divainers.com\/producto\/divain-632\/"},"modified":"2026-04-30T16:10:50","modified_gmt":"2026-04-30T14:10:50","slug":"divain-632","status":"publish","type":"product","link":"https:\/\/divainers.com\/sv\/producto\/divain-632\/","title":{"rendered":"divain.632"},"content":{"rendered":"<p>Bogati, zavodljivi i cvjetni miris koji hvata su\u0161tinu elegancije i misterije. Od otvaranja, note cvijeta naran\u010de, bergamota i egzoti\u010dnog, slatkog ruma mije\u0161aju se, stvaraju\u0107i bogatu i obavijaju\u0107u kombinaciju. U srcu, crna orhideja isprepli\u0107e se s notama ru\u017ee i jasmina, donose\u0107i intenzivnu i o\u010daravaju\u0107u cvjetnu notu. Bazne note meda, vanilije, sandalovine i jantara daju toplu, bar\u0161unastu i luksuznu podlogu, ostavljaju\u0107i senzualan i sofisticiran trag. Idealno za one koji tra\u017ee bogati, orijentalni i cvjetni miris, savr\u0161en za posebne prilike, elegantne ve\u010deri ili trenutke kada \u017eelite ostaviti nezaboravan i luksuzan dojam, pun misterije i \u017eenstvenosti.<\/p>\n","protected":false},"excerpt":{"rendered":"<p>Podsje\u0107a na Velvet Orchid od Tom Ford<\/p>\n","protected":false},"featured_media":15607,"comment_status":"open","ping_status":"closed","template":"","meta":[],"product_brand":[],"product_cat":[4267],"product_tag":[1434],"class_list":{"0":"post-1141","1":"product","2":"type-product","3":"status-publish","4":"has-post-thumbnail","6":"product_cat-tom-ford","7":"product_tag-zene","9":"first","10":"instock","11":"shipping-taxable","12":"product-type-simple"},"_links":{"self":[{"href":"https:\/\/divainers.com\/sv\/wp-json\/wp\/v2\/product\/1141","targetHints":{"allow":["GET"]}}],"collection":[{"href":"https:\/\/divainers.com\/sv\/wp-json\/wp\/v2\/product"}],"about":[{"href":"https:\/\/divainers.com\/sv\/wp-json\/wp\/v2\/types\/product"}],"replies":[{"embeddable":true,"href":"https:\/\/divainers.com\/sv\/wp-json\/wp\/v2\/comments?post=1141"}],"wp:featuredmedia":[{"embeddable":true,"href":"https:\/\/divainers.com\/sv\/wp-json\/wp\/v2\/media\/15607"}],"wp:attachment":[{"href":"https:\/\/divainers.com\/sv\/wp-json\/wp\/v2\/media?parent=1141"}],"wp:term":[{"taxonomy":"product_brand","embeddable":true,"href":"https:\/\/divainers.com\/sv\/wp-json\/wp\/v2\/product_brand?post=1141"},{"taxonomy":"product_cat","embeddable":true,"href":"https:\/\/divainers.com\/sv\/wp-json\/wp\/v2\/product_cat?post=1141"},{"taxonomy":"product_tag","embeddable":true,"href":"https:\/\/divainers.com\/sv\/wp-json\/wp\/v2\/product_tag?post=1141"}],"curies":[{"name":"wp","href":"https:\/\/api.w.org\/{rel}","templated":true}]}}