{"id":11759,"date":"2025-01-31T08:33:27","date_gmt":"2025-01-31T07:33:27","guid":{"rendered":"https:\/\/divainers.com\/producto\/divain-903\/"},"modified":"2026-04-30T10:53:20","modified_gmt":"2026-04-30T08:53:20","slug":"divain-903","status":"publish","type":"product","link":"https:\/\/divainers.com\/sv\/producto\/divain-903\/","title":{"rendered":"divain.903"},"content":{"rendered":"<p>En charmig och delikat doft som framkallar barndomens renhet med en frisk och mjuk blandning av klara citrusfrukter och milda blommiga toner. \u00d6ppningen \u00e4r en suck av citron och s\u00f6ta apelsiner som omedelbart v\u00e4cker sinnena med ungdomlig vitalitet. N\u00e4r doften utvecklas tillf\u00f6r noter av apelsinblom och jasmin en varm och mjuk touch, medan basen av mandel och vanilj omsluter doften i en tr\u00f6stande mjukhet och l\u00e4mnar en s\u00f6t och l\u00e4tt kr\u00e4mig doftsp\u00e5r. Denna parfym \u00e4r perfekt f\u00f6r den som s\u00f6ker en l\u00e4tt, frisk och \u00f6m doft som speglar oskulden och gl\u00e4djen i de f\u00f6rsta \u00f6gonblicken och skapar en k\u00e4nsla av v\u00e4rme och friskhet som varsamt varar hela dagen.<\/p>\n","protected":false},"excerpt":{"rendered":"<p>P\u00e5minner om Ptisenbon av Tartine et Chocolat<\/p>\n","protected":false},"featured_media":3193,"comment_status":"open","ping_status":"closed","template":"","meta":[],"product_brand":[],"product_cat":[3460],"product_tag":[2345],"class_list":{"0":"post-11759","1":"product","2":"type-product","3":"status-publish","4":"has-post-thumbnail","6":"product_cat-tartine-et-chocolat","7":"product_tag-ninos-y-ninas","9":"first","10":"instock","11":"shipping-taxable","12":"product-type-simple"},"_links":{"self":[{"href":"https:\/\/divainers.com\/sv\/wp-json\/wp\/v2\/product\/11759","targetHints":{"allow":["GET"]}}],"collection":[{"href":"https:\/\/divainers.com\/sv\/wp-json\/wp\/v2\/product"}],"about":[{"href":"https:\/\/divainers.com\/sv\/wp-json\/wp\/v2\/types\/product"}],"replies":[{"embeddable":true,"href":"https:\/\/divainers.com\/sv\/wp-json\/wp\/v2\/comments?post=11759"}],"wp:featuredmedia":[{"embeddable":true,"href":"https:\/\/divainers.com\/sv\/wp-json\/wp\/v2\/media\/3193"}],"wp:attachment":[{"href":"https:\/\/divainers.com\/sv\/wp-json\/wp\/v2\/media?parent=11759"}],"wp:term":[{"taxonomy":"product_brand","embeddable":true,"href":"https:\/\/divainers.com\/sv\/wp-json\/wp\/v2\/product_brand?post=11759"},{"taxonomy":"product_cat","embeddable":true,"href":"https:\/\/divainers.com\/sv\/wp-json\/wp\/v2\/product_cat?post=11759"},{"taxonomy":"product_tag","embeddable":true,"href":"https:\/\/divainers.com\/sv\/wp-json\/wp\/v2\/product_tag?post=11759"}],"curies":[{"name":"wp","href":"https:\/\/api.w.org\/{rel}","templated":true}]}}