{"id":11800,"date":"2025-01-31T08:33:27","date_gmt":"2025-01-31T07:33:27","guid":{"rendered":"https:\/\/divainers.com\/producto\/divain-781\/"},"modified":"2026-04-30T10:53:31","modified_gmt":"2026-04-30T08:53:31","slug":"divain-781","status":"publish","type":"product","link":"https:\/\/divainers.com\/sv\/producto\/divain-781\/","title":{"rendered":"divain.781"},"content":{"rendered":"<p>Denna unisexdoft \u00f6ppnar med en kryddig och citrusaktig inledning d\u00e4r koriander och kummin fl\u00e4tas samman med friska toner och skapar en k\u00e4nsla av v\u00e4rme och sofistikering. I hj\u00e4rtat tillf\u00f6r ceder och jasmin en tr\u00e4ig och blommig elegans som v\u00e4cker \u00f6kenlandskapets lugn till liv. Basen av patchouli, gr\u00e5 b\u00e4rnsten och hartser ger en balsamisk och jordig djuphet som speglar Maghrebs naturliga rikedom. Denna komposition, presenterad i en lyxig koncentration av parfymextrakt, erbjuder en unik sensorisk upplevelse som f\u00e5ngar \u00f6knens essens.<\/p>\n","protected":false},"excerpt":{"rendered":"<p>P\u00e5minner om Au Coeur du D\u00e9sert av Tauer<\/p>\n","protected":false},"featured_media":11799,"comment_status":"open","ping_status":"closed","template":"","meta":[],"product_brand":[],"product_cat":[3480],"product_tag":[1375],"class_list":{"0":"post-11800","1":"product","2":"type-product","3":"status-publish","4":"has-post-thumbnail","6":"product_cat-tauer","7":"product_tag-unisex","9":"first","10":"instock","11":"shipping-taxable","12":"product-type-simple"},"_links":{"self":[{"href":"https:\/\/divainers.com\/sv\/wp-json\/wp\/v2\/product\/11800","targetHints":{"allow":["GET"]}}],"collection":[{"href":"https:\/\/divainers.com\/sv\/wp-json\/wp\/v2\/product"}],"about":[{"href":"https:\/\/divainers.com\/sv\/wp-json\/wp\/v2\/types\/product"}],"replies":[{"embeddable":true,"href":"https:\/\/divainers.com\/sv\/wp-json\/wp\/v2\/comments?post=11800"}],"wp:featuredmedia":[{"embeddable":true,"href":"https:\/\/divainers.com\/sv\/wp-json\/wp\/v2\/media\/11799"}],"wp:attachment":[{"href":"https:\/\/divainers.com\/sv\/wp-json\/wp\/v2\/media?parent=11800"}],"wp:term":[{"taxonomy":"product_brand","embeddable":true,"href":"https:\/\/divainers.com\/sv\/wp-json\/wp\/v2\/product_brand?post=11800"},{"taxonomy":"product_cat","embeddable":true,"href":"https:\/\/divainers.com\/sv\/wp-json\/wp\/v2\/product_cat?post=11800"},{"taxonomy":"product_tag","embeddable":true,"href":"https:\/\/divainers.com\/sv\/wp-json\/wp\/v2\/product_tag?post=11800"}],"curies":[{"name":"wp","href":"https:\/\/api.w.org\/{rel}","templated":true}]}}