{"id":1215,"date":"2025-01-31T08:33:41","date_gmt":"2025-01-31T07:33:41","guid":{"rendered":"https:\/\/divainers.com\/producto\/divain-103\/"},"modified":"2026-04-30T15:54:20","modified_gmt":"2026-04-30T13:54:20","slug":"divain-103","status":"publish","type":"product","link":"https:\/\/divainers.com\/sv\/producto\/divain-103\/","title":{"rendered":"divain.103"},"content":{"rendered":"<p>Odva\u017ean i obavijaju\u0107i miris koji odra\u017eava strast i misterij \u017eenstvenosti. Njegov svijetli po\u010detak od crne ribizle i bergamota donosi iskrikav i sofisticiran dodir. U srcu, jasmin sambac i cvijet naran\u010de stvaraju intenzivan i senzualan cvjetni buket. U bazi, kremasta vanilija, tonka grah i sandalovina ostavljaju topao i zarazan trag, savr\u0161en za karizmati\u010dnu, elegantnu \u017eenu s prirodnim magnetizmom koji ne prolazi nezapa\u017eeno.<\/p>\n","protected":false},"excerpt":{"rendered":"<p>Podsje\u0107a na Manifesto od Yves Saint Laurent<\/p>\n","protected":false},"featured_media":15135,"comment_status":"open","ping_status":"closed","template":"","meta":[],"product_brand":[],"product_cat":[2254],"product_tag":[1420],"class_list":{"0":"post-1215","1":"product","2":"type-product","3":"status-publish","4":"has-post-thumbnail","6":"product_cat-yves-saint-laurent","7":"product_tag-frauen","9":"first","10":"instock","11":"shipping-taxable","12":"product-type-simple"},"_links":{"self":[{"href":"https:\/\/divainers.com\/sv\/wp-json\/wp\/v2\/product\/1215","targetHints":{"allow":["GET"]}}],"collection":[{"href":"https:\/\/divainers.com\/sv\/wp-json\/wp\/v2\/product"}],"about":[{"href":"https:\/\/divainers.com\/sv\/wp-json\/wp\/v2\/types\/product"}],"replies":[{"embeddable":true,"href":"https:\/\/divainers.com\/sv\/wp-json\/wp\/v2\/comments?post=1215"}],"wp:featuredmedia":[{"embeddable":true,"href":"https:\/\/divainers.com\/sv\/wp-json\/wp\/v2\/media\/15135"}],"wp:attachment":[{"href":"https:\/\/divainers.com\/sv\/wp-json\/wp\/v2\/media?parent=1215"}],"wp:term":[{"taxonomy":"product_brand","embeddable":true,"href":"https:\/\/divainers.com\/sv\/wp-json\/wp\/v2\/product_brand?post=1215"},{"taxonomy":"product_cat","embeddable":true,"href":"https:\/\/divainers.com\/sv\/wp-json\/wp\/v2\/product_cat?post=1215"},{"taxonomy":"product_tag","embeddable":true,"href":"https:\/\/divainers.com\/sv\/wp-json\/wp\/v2\/product_tag?post=1215"}],"curies":[{"name":"wp","href":"https:\/\/api.w.org\/{rel}","templated":true}]}}