{"id":1216,"date":"2025-01-31T08:33:41","date_gmt":"2025-01-31T07:33:41","guid":{"rendered":"https:\/\/divainers.com\/producto\/divain-104\/"},"modified":"2026-04-30T15:54:28","modified_gmt":"2026-04-30T13:54:28","slug":"divain-104","status":"publish","type":"product","link":"https:\/\/divainers.com\/sv\/producto\/divain-104\/","title":{"rendered":"divain.104"},"content":{"rendered":"<p>Moderan i sofisticiran miris koji utjelovljuje slobodnu i hrabru \u017eenstvenost. Njegov svje\u017ei po\u010detak od limuna i li\u010dija donosi \u017eivahnu i svijetlu svje\u017einu. U srcu, jasmin i bo\u017eur obavijaju miris intenzivnom i zavodljivom cvjetnom elegancijom. U bazi, pa\u010duli, vetiver i cedar stvaraju toplu i obavijaju\u0107u notu, savr\u0161enu za samouvjerenu, sofisticiranu \u017eenu s prepoznatljivim stilom koji ostavlja trag.<\/p>\n","protected":false},"excerpt":{"rendered":"<p>Podsje\u0107a na Elle od Yves Saint Laurent<\/p>\n","protected":false},"featured_media":15141,"comment_status":"open","ping_status":"closed","template":"","meta":[],"product_brand":[],"product_cat":[2244],"product_tag":[1426],"class_list":{"0":"post-1216","1":"product","2":"type-product","3":"status-publish","4":"has-post-thumbnail","6":"product_cat-yves-saint-laurent","7":"product_tag-kvinder","9":"first","10":"instock","11":"shipping-taxable","12":"product-type-simple"},"_links":{"self":[{"href":"https:\/\/divainers.com\/sv\/wp-json\/wp\/v2\/product\/1216","targetHints":{"allow":["GET"]}}],"collection":[{"href":"https:\/\/divainers.com\/sv\/wp-json\/wp\/v2\/product"}],"about":[{"href":"https:\/\/divainers.com\/sv\/wp-json\/wp\/v2\/types\/product"}],"replies":[{"embeddable":true,"href":"https:\/\/divainers.com\/sv\/wp-json\/wp\/v2\/comments?post=1216"}],"wp:featuredmedia":[{"embeddable":true,"href":"https:\/\/divainers.com\/sv\/wp-json\/wp\/v2\/media\/15141"}],"wp:attachment":[{"href":"https:\/\/divainers.com\/sv\/wp-json\/wp\/v2\/media?parent=1216"}],"wp:term":[{"taxonomy":"product_brand","embeddable":true,"href":"https:\/\/divainers.com\/sv\/wp-json\/wp\/v2\/product_brand?post=1216"},{"taxonomy":"product_cat","embeddable":true,"href":"https:\/\/divainers.com\/sv\/wp-json\/wp\/v2\/product_cat?post=1216"},{"taxonomy":"product_tag","embeddable":true,"href":"https:\/\/divainers.com\/sv\/wp-json\/wp\/v2\/product_tag?post=1216"}],"curies":[{"name":"wp","href":"https:\/\/api.w.org\/{rel}","templated":true}]}}