{"id":12339,"date":"2025-01-31T08:33:27","date_gmt":"2025-01-31T07:33:27","guid":{"rendered":"https:\/\/divainers.com\/producto\/divain-036\/"},"modified":"2026-04-30T10:56:47","modified_gmt":"2026-04-30T08:56:47","slug":"divain-036","status":"publish","type":"product","link":"https:\/\/divainers.com\/sv\/producto\/divain-036\/","title":{"rendered":"divain.036"},"content":{"rendered":"<p>En kraftfull och avantgardistisk doft som f\u00f6renar intensitet och sofistikering i en of\u00f6rgl\u00f6mlig komposition. Dess livfulla \u00f6ppning med mynta och lavendel ger friskhet, medan ett beroendeframkallande hj\u00e4rta av kaffe och karamell tillf\u00f6r en s\u00f6t och kryddig ton, vilket skapar en varm och omslutande k\u00e4nsla. I basen f\u00f6rst\u00e4rker patchouli, mysk och vanilj dess djupa och magnetiska karakt\u00e4r och l\u00e4mnar ett intensivt och l\u00e5ngvarigt sp\u00e5r. Perfekt f\u00f6r den modiga och karismatiska mannen som s\u00f6ker en unik doft med en \u00f6verv\u00e4ldigande personlighet.<\/p>\n","protected":false},"excerpt":{"rendered":"<p>P\u00e5minner om A*Men av Thierry Mugler<\/p>\n","protected":false},"featured_media":12338,"comment_status":"open","ping_status":"closed","template":"","meta":[],"product_brand":[],"product_cat":[3751],"product_tag":[1362],"class_list":{"0":"post-12339","1":"product","2":"type-product","3":"status-publish","4":"has-post-thumbnail","6":"product_cat-thierry-mugler","7":"product_tag-man","9":"first","10":"instock","11":"shipping-taxable","12":"product-type-simple"},"_links":{"self":[{"href":"https:\/\/divainers.com\/sv\/wp-json\/wp\/v2\/product\/12339","targetHints":{"allow":["GET"]}}],"collection":[{"href":"https:\/\/divainers.com\/sv\/wp-json\/wp\/v2\/product"}],"about":[{"href":"https:\/\/divainers.com\/sv\/wp-json\/wp\/v2\/types\/product"}],"replies":[{"embeddable":true,"href":"https:\/\/divainers.com\/sv\/wp-json\/wp\/v2\/comments?post=12339"}],"wp:featuredmedia":[{"embeddable":true,"href":"https:\/\/divainers.com\/sv\/wp-json\/wp\/v2\/media\/12338"}],"wp:attachment":[{"href":"https:\/\/divainers.com\/sv\/wp-json\/wp\/v2\/media?parent=12339"}],"wp:term":[{"taxonomy":"product_brand","embeddable":true,"href":"https:\/\/divainers.com\/sv\/wp-json\/wp\/v2\/product_brand?post=12339"},{"taxonomy":"product_cat","embeddable":true,"href":"https:\/\/divainers.com\/sv\/wp-json\/wp\/v2\/product_cat?post=12339"},{"taxonomy":"product_tag","embeddable":true,"href":"https:\/\/divainers.com\/sv\/wp-json\/wp\/v2\/product_tag?post=12339"}],"curies":[{"name":"wp","href":"https:\/\/api.w.org\/{rel}","templated":true}]}}