{"id":12887,"date":"2025-01-31T08:33:28","date_gmt":"2025-01-31T07:33:28","guid":{"rendered":"https:\/\/divainers.com\/producto\/divain-426\/"},"modified":"2026-04-30T10:59:41","modified_gmt":"2026-04-30T08:59:41","slug":"divain-426","status":"publish","type":"product","link":"https:\/\/divainers.com\/sv\/producto\/divain-426\/","title":{"rendered":"divain.426"},"content":{"rendered":"<p>En magnetisk och omslutande doft som v\u00e4cker sinnena med sin opulenta blandning av saftiga frukter och sensuella tr\u00e4slag. Fr\u00e5n f\u00f6rsta stund fyller en fruktig explosion av passionsfrukt, persika och svarta vinb\u00e4r luften med en exotisk och frestande s\u00f6tma. I hj\u00e4rtat fl\u00e4tas en delikat blommig ackord samman med b\u00e4rnstensf\u00e4rgade nyanser, vilket tillf\u00f6r djup och mystik. Slutligen skapar basen av mysk, patchouli och sandeltr\u00e4 en kr\u00e4mig och beroendeframkallande doft som l\u00e4mnar ett of\u00f6rgl\u00f6mligt intryck. En hypnotisk och f\u00f6rf\u00f6risk parfym, perfekt f\u00f6r den som s\u00f6ker en intensiv, sofistikerad och personlig doft.<\/p>\n","protected":false},"excerpt":{"rendered":"<p>P\u00e5minner om Kirke av Tiziana Terenzi<\/p>\n","protected":false},"featured_media":12886,"comment_status":"open","ping_status":"closed","template":"","meta":[],"product_brand":[],"product_cat":[4025],"product_tag":[1375],"class_list":{"0":"post-12887","1":"product","2":"type-product","3":"status-publish","4":"has-post-thumbnail","6":"product_cat-tiziana-terenzi","7":"product_tag-unisex","9":"first","10":"instock","11":"shipping-taxable","12":"product-type-simple"},"_links":{"self":[{"href":"https:\/\/divainers.com\/sv\/wp-json\/wp\/v2\/product\/12887","targetHints":{"allow":["GET"]}}],"collection":[{"href":"https:\/\/divainers.com\/sv\/wp-json\/wp\/v2\/product"}],"about":[{"href":"https:\/\/divainers.com\/sv\/wp-json\/wp\/v2\/types\/product"}],"replies":[{"embeddable":true,"href":"https:\/\/divainers.com\/sv\/wp-json\/wp\/v2\/comments?post=12887"}],"wp:featuredmedia":[{"embeddable":true,"href":"https:\/\/divainers.com\/sv\/wp-json\/wp\/v2\/media\/12886"}],"wp:attachment":[{"href":"https:\/\/divainers.com\/sv\/wp-json\/wp\/v2\/media?parent=12887"}],"wp:term":[{"taxonomy":"product_brand","embeddable":true,"href":"https:\/\/divainers.com\/sv\/wp-json\/wp\/v2\/product_brand?post=12887"},{"taxonomy":"product_cat","embeddable":true,"href":"https:\/\/divainers.com\/sv\/wp-json\/wp\/v2\/product_cat?post=12887"},{"taxonomy":"product_tag","embeddable":true,"href":"https:\/\/divainers.com\/sv\/wp-json\/wp\/v2\/product_tag?post=12887"}],"curies":[{"name":"wp","href":"https:\/\/api.w.org\/{rel}","templated":true}]}}