{"id":13964,"date":"2025-01-31T08:33:35","date_gmt":"2025-01-31T07:33:35","guid":{"rendered":"https:\/\/divainers.com\/producto\/divain-061\/"},"modified":"2026-04-30T11:06:17","modified_gmt":"2026-04-30T09:06:17","slug":"divain-061","status":"publish","type":"product","link":"https:\/\/divainers.com\/sv\/producto\/divain-061\/","title":{"rendered":"divain.061"},"content":{"rendered":"<p>En mjuk och elegant doft som f\u00f6rmedlar friskhet och finess i varje not. Dess ljusa \u00f6ppning med bergamott och violblad ger en citrusaktig och gr\u00f6n ton, medan ett blommigt hj\u00e4rta av ros, pion och jasmin omsluter doften med kvinnlighet och sofistikering. I basen skapar vit mysk och ceder en varm och omslutande doft, perfekt f\u00f6r den subtila, eleganta kvinnan med naturlig charm.<\/p>\n","protected":false},"excerpt":{"rendered":"<p>P\u00e5minner om Tous av Tous<\/p>\n","protected":false},"featured_media":13963,"comment_status":"open","ping_status":"closed","template":"","meta":[],"product_brand":[],"product_cat":[4538],"product_tag":[1439],"class_list":{"0":"post-13964","1":"product","2":"type-product","3":"status-publish","4":"has-post-thumbnail","6":"product_cat-tous","7":"product_tag-kvinnor","9":"first","10":"instock","11":"shipping-taxable","12":"product-type-simple"},"_links":{"self":[{"href":"https:\/\/divainers.com\/sv\/wp-json\/wp\/v2\/product\/13964","targetHints":{"allow":["GET"]}}],"collection":[{"href":"https:\/\/divainers.com\/sv\/wp-json\/wp\/v2\/product"}],"about":[{"href":"https:\/\/divainers.com\/sv\/wp-json\/wp\/v2\/types\/product"}],"replies":[{"embeddable":true,"href":"https:\/\/divainers.com\/sv\/wp-json\/wp\/v2\/comments?post=13964"}],"wp:featuredmedia":[{"embeddable":true,"href":"https:\/\/divainers.com\/sv\/wp-json\/wp\/v2\/media\/13963"}],"wp:attachment":[{"href":"https:\/\/divainers.com\/sv\/wp-json\/wp\/v2\/media?parent=13964"}],"wp:term":[{"taxonomy":"product_brand","embeddable":true,"href":"https:\/\/divainers.com\/sv\/wp-json\/wp\/v2\/product_brand?post=13964"},{"taxonomy":"product_cat","embeddable":true,"href":"https:\/\/divainers.com\/sv\/wp-json\/wp\/v2\/product_cat?post=13964"},{"taxonomy":"product_tag","embeddable":true,"href":"https:\/\/divainers.com\/sv\/wp-json\/wp\/v2\/product_tag?post=13964"}],"curies":[{"name":"wp","href":"https:\/\/api.w.org\/{rel}","templated":true}]}}